{"id":1607,"date":"2020-11-03T00:07:57","date_gmt":"2020-11-02T22:07:57","guid":{"rendered":"https:\/\/sermujerytrabajo.es\/?page_id=1607"},"modified":"2020-11-17T00:20:42","modified_gmt":"2020-11-16T22:20:42","slug":"objetivos","status":"publish","type":"page","link":"https:\/\/sermujerytrabajo.es\/?page_id=1607","title":{"rendered":"Objetivos"},"content":{"rendered":"\t\t<div data-elementor-type=\"wp-page\" data-elementor-id=\"1607\" class=\"elementor elementor-1607\">\n\t\t\t\t\t\t<section class=\"elementor-section elementor-top-section elementor-element elementor-element-3beb032d elementor-section-boxed elementor-section-height-default elementor-section-height-default\" data-id=\"3beb032d\" data-element_type=\"section\">\n\t\t\t\t\t\t<div class=\"elementor-container elementor-column-gap-default\">\n\t\t\t\t\t<div class=\"elementor-column elementor-col-33 elementor-top-column elementor-element elementor-element-7b42a11d\" data-id=\"7b42a11d\" data-element_type=\"column\">\n\t\t\t<div class=\"elementor-widget-wrap elementor-element-populated\">\n\t\t\t\t\t\t<div class=\"elementor-element elementor-element-440059d7 elementor-widget elementor-widget-heading\" data-id=\"440059d7\" data-element_type=\"widget\" data-widget_type=\"heading.default\">\n\t\t\t\t<div class=\"elementor-widget-container\">\n\t\t\t<h4 class=\"elementor-heading-title elementor-size-default\">Objetivo primero<\/h4>\t\t<\/div>\n\t\t\t\t<\/div>\n\t\t\t\t<div class=\"elementor-element elementor-element-66619e1 elementor-widget elementor-widget-heading\" data-id=\"66619e1\" data-element_type=\"widget\" data-widget_type=\"heading.default\">\n\t\t\t\t<div class=\"elementor-widget-container\">\n\t\t\t<h6 class=\"elementor-heading-title elementor-size-default\">Acceso y condiciones principales de contrataci\u00f3n\n<\/h6>\t\t<\/div>\n\t\t\t\t<\/div>\n\t\t\t\t<div class=\"elementor-element elementor-element-3216dfb8 elementor-widget elementor-widget-image\" data-id=\"3216dfb8\" data-element_type=\"widget\" data-widget_type=\"image.default\">\n\t\t\t\t<div class=\"elementor-widget-container\">\n\t\t\t\t\t\t\t\t\t\t\t\t\t<img decoding=\"async\" width=\"263\" height=\"175\" src=\"https:\/\/sermujerytrabajo.es\/wp-content\/uploads\/2020\/10\/objetivo-1.png\" class=\"attachment-medium size-medium wp-image-807\" alt=\"\" \/>\t\t\t\t\t\t\t\t\t\t\t\t\t<\/div>\n\t\t\t\t<\/div>\n\t\t\t\t\t<\/div>\n\t\t<\/div>\n\t\t\t\t<div class=\"elementor-column elementor-col-66 elementor-top-column elementor-element elementor-element-7bffdb23\" data-id=\"7bffdb23\" data-element_type=\"column\">\n\t\t\t<div class=\"elementor-widget-wrap elementor-element-populated\">\n\t\t\t\t\t\t<div class=\"elementor-element elementor-element-55898885 elementor-widget elementor-widget-text-editor\" data-id=\"55898885\" data-element_type=\"widget\" data-widget_type=\"text-editor.default\">\n\t\t\t\t<div class=\"elementor-widget-container\">\n\t\t\t\t\t\t\t<p>En primera instancia, se efectuara un diagn\u00f3stico de las dificultades espec\u00edficas que tienen las mujeres para la entrada en el mercado de trabajo, analizando los estadios previos a la celebraci\u00f3n del contrato de trabajo, en las que&nbsp;<span style=\"font-size: inherit;\">se pueden percibir las discriminaciones directas o las ocultas.<\/span><\/p>\n<p><span style=\"font-size: inherit;\">De otro lado, se realizar\u00e1 un balance general en igualdad de g\u00e9nero de las condiciones principales de contrataci\u00f3n que afectan a su estatuto jur\u00eddico-laboral: tasa de actividad y&nbsp;<\/span><span style=\"font-size: inherit;\">ocupaci\u00f3n, desempleo, modalidades contractuales mayormente utilizadas, duraci\u00f3n de los contratos, horas de trabajo, causas desencadenantes de la desigualdad salarial, segregaci\u00f3n ocupacional horizontal y vertical, sistemas de clasificaci\u00f3n&nbsp;<\/span><span style=\"font-size: inherit;\">profesional con sesgos de g\u00e9nero, y problemas que condicionan su promoci\u00f3n profesional y su falta de liderazgo.<\/span><\/p>\n<p><span style=\"font-size: inherit;\">A partir de los datos, se reflexionar\u00e1 sobre las medidas legales y convencionales necesarias para la equiparaci\u00f3n salarial,&nbsp;<\/span><span style=\"font-size: inherit;\">la utilizaci\u00f3n de f\u00f3rmulas contractuales de mayor calidad, el aumento de la diversificaci\u00f3n de su perfil profesional, y de su dignificaci\u00f3n en las ocupaciones tradicionalmente femeninas, la implementaci\u00f3n de acciones positivas para&nbsp;<\/span><span style=\"font-size: inherit;\">el desarrollo de la carrera profesional, removiendo los obst\u00e1culos existentes para romper el techo de cristal que padecen para asumir cargos de responsabilidad, y liderar grupos de trabajo.<\/span><\/p>\t\t\t\t\t\t<\/div>\n\t\t\t\t<\/div>\n\t\t\t\t\t<\/div>\n\t\t<\/div>\n\t\t\t\t\t<\/div>\n\t\t<\/section>\n\t\t\t\t<section class=\"elementor-section elementor-top-section elementor-element elementor-element-6887b5a7 elementor-section-boxed elementor-section-height-default elementor-section-height-default\" data-id=\"6887b5a7\" data-element_type=\"section\">\n\t\t\t\t\t\t<div class=\"elementor-container elementor-column-gap-default\">\n\t\t\t\t\t<div class=\"elementor-column elementor-col-100 elementor-top-column elementor-element elementor-element-64fa3094\" data-id=\"64fa3094\" data-element_type=\"column\">\n\t\t\t<div class=\"elementor-widget-wrap elementor-element-populated\">\n\t\t\t\t\t\t<div class=\"elementor-element elementor-element-5880b127 elementor-widget-divider--view-line_icon elementor-view-default elementor-widget-divider--element-align-center elementor-widget elementor-widget-divider\" data-id=\"5880b127\" data-element_type=\"widget\" data-widget_type=\"divider.default\">\n\t\t\t\t<div class=\"elementor-widget-container\">\n\t\t\t\t\t<div class=\"elementor-divider\">\n\t\t\t<span class=\"elementor-divider-separator\">\n\t\t\t\t\t\t\t<div class=\"elementor-icon elementor-divider__element\">\n\t\t\t\t\t<i aria-hidden=\"true\" class=\"fas fa-star-of-life\"><\/i><\/div>\n\t\t\t\t\t\t<\/span>\n\t\t<\/div>\n\t\t\t\t<\/div>\n\t\t\t\t<\/div>\n\t\t\t\t\t<\/div>\n\t\t<\/div>\n\t\t\t\t\t<\/div>\n\t\t<\/section>\n\t\t\t\t<section class=\"elementor-section elementor-top-section elementor-element elementor-element-4e347027 elementor-section-boxed elementor-section-height-default elementor-section-height-default\" data-id=\"4e347027\" data-element_type=\"section\">\n\t\t\t\t\t\t<div class=\"elementor-container elementor-column-gap-default\">\n\t\t\t\t\t<div class=\"elementor-column elementor-col-33 elementor-top-column elementor-element elementor-element-5fe500a6\" data-id=\"5fe500a6\" data-element_type=\"column\">\n\t\t\t<div class=\"elementor-widget-wrap elementor-element-populated\">\n\t\t\t\t\t\t<div class=\"elementor-element elementor-element-4953ed87 elementor-widget elementor-widget-heading\" data-id=\"4953ed87\" data-element_type=\"widget\" data-widget_type=\"heading.default\">\n\t\t\t\t<div class=\"elementor-widget-container\">\n\t\t\t<h4 class=\"elementor-heading-title elementor-size-default\">Objetivo segundo<\/h4>\t\t<\/div>\n\t\t\t\t<\/div>\n\t\t\t\t<div class=\"elementor-element elementor-element-54161f22 elementor-widget elementor-widget-heading\" data-id=\"54161f22\" data-element_type=\"widget\" data-widget_type=\"heading.default\">\n\t\t\t\t<div class=\"elementor-widget-container\">\n\t\t\t<h6 class=\"elementor-heading-title elementor-size-default\">Cuidados y conciliaci\u00f3n en corresponsabilidad\n<div><br><\/div><\/h6>\t\t<\/div>\n\t\t\t\t<\/div>\n\t\t\t\t<div class=\"elementor-element elementor-element-6546dd96 elementor-widget elementor-widget-image\" data-id=\"6546dd96\" data-element_type=\"widget\" data-widget_type=\"image.default\">\n\t\t\t\t<div class=\"elementor-widget-container\">\n\t\t\t\t\t\t\t\t\t\t\t\t\t<img fetchpriority=\"high\" decoding=\"async\" width=\"300\" height=\"189\" src=\"https:\/\/sermujerytrabajo.es\/wp-content\/uploads\/2020\/10\/objetivo2-3-300x189.png\" class=\"attachment-medium size-medium wp-image-815\" alt=\"\" srcset=\"https:\/\/sermujerytrabajo.es\/wp-content\/uploads\/2020\/10\/objetivo2-3-300x189.png 300w, https:\/\/sermujerytrabajo.es\/wp-content\/uploads\/2020\/10\/objetivo2-3.png 508w\" sizes=\"(max-width: 300px) 100vw, 300px\" \/>\t\t\t\t\t\t\t\t\t\t\t\t\t<\/div>\n\t\t\t\t<\/div>\n\t\t\t\t\t<\/div>\n\t\t<\/div>\n\t\t\t\t<div class=\"elementor-column elementor-col-66 elementor-top-column elementor-element elementor-element-2099bd86\" data-id=\"2099bd86\" data-element_type=\"column\">\n\t\t\t<div class=\"elementor-widget-wrap elementor-element-populated\">\n\t\t\t\t\t\t<div class=\"elementor-element elementor-element-6c8a6638 elementor-widget elementor-widget-text-editor\" data-id=\"6c8a6638\" data-element_type=\"widget\" data-widget_type=\"text-editor.default\">\n\t\t\t\t<div class=\"elementor-widget-container\">\n\t\t\t\t\t\t\t<p>Con los datos proporcionados por las Estad\u00edsticas oficiales (INE, IEG, Eurostat, Ministerio de Igualdad) sobre la utilizaci\u00f3n de los tiempos, as\u00ed como de las cl\u00e1sicas medidas de conciliaci\u00f3n por ambos sexos, se pretende reformular la noci\u00f3n de conciliaci\u00f3n\u00a0<span style=\"font-size: inherit;\">utilizada tradicionalmente por las normas jur\u00eddico-laborales, que no ha promovido que las mujeres puedan armonizar adecuadamente los tiempos de trabajo con su vida privada, ni ha procurado un avance en corresponsabilidad. La conciliaci\u00f3n\u00a0<\/span><span style=\"font-size: inherit;\">vinculada al ejercicio de los derechos de reducci\u00f3n del tiempo de trabajo (parcialidad, derechos de reducci\u00f3n, excedencias) no es la f\u00f3rmula adecuada para la integraci\u00f3n plena de la mujer en el mercado de trabajo. Asimismo, la flexibilidad\u00a0<\/span><span style=\"font-size: inherit;\">vigente en la ordenaci\u00f3n laboral del tiempo de trabajo tiene un impacto profundamente negativo en las pol\u00edticas de conciliaci\u00f3n. Con las novedades que proporciona el Derecho comunitario (Directiva 2019\/1158, Pilar europeo de derechos\u00a0<\/span><span style=\"font-size: inherit;\">sociales, etc), el bagaje de la jurisprudencia europea, as\u00ed como las reformas de los RDL 6\/2019, y 8, 9, 20, 28, y 30\/2020, la jurisprudencia constitucional y ordinaria, y por supuesto con la negociaci\u00f3n colectiva (convenios y planes\u00a0<\/span><span style=\"font-size: inherit;\">de igualdad), se tratar\u00e1n de redefinir las medidas legales, acciones convencionales, y buenas pr\u00e1cticas, que se pueden articular para que la conciliaci\u00f3n no sea una dificultad constante en la vida ordinaria de las trabajadoras. Se\u00a0<\/span><span style=\"font-size: inherit;\">prestar\u00e1 un particular inter\u00e9s a la ordenaci\u00f3n del tiempo de trabajo, y al impacto de las tecnolog\u00edas de la informaci\u00f3n y comunicaci\u00f3n (teletrabajo, desconexi\u00f3n digital, etc) en la armonizaci\u00f3n de la vida profesional con la personal\u00a0<\/span><span style=\"font-size: inherit;\">y familiar.<\/span><\/p>\n<p>REVALORIZACI\u00d3N DEL TRABAJO DE CUIDADOS: Se realizar\u00e1 una propuesta que visibilice y dignifique la funci\u00f3n del trabajo de cuidados, en un contexto de envejecimiento social progresivo, debiendo convertirse en un sector estrat\u00e9gico de\u00a0<span style=\"font-size: inherit;\">nuestra actividad econ\u00f3mica y social. Quien ejerza el cuidado debe recibir un tratamiento laboral y de Seguridad Social que se habr\u00e1 de repensar, resultando los hogares de forma creciente en el tiempo una unidad potente de creaci\u00f3n\u00a0<\/span><span style=\"font-size: inherit;\">de empleo, no deslocalizable, y hasta la fecha profundamente feminizado.\u00a0<\/span>Nuestra investigaci\u00f3n pretende que la variable del cuidado se contemple \u00abad intra y ad extra\u00bb como problema de primer orden, al que los poderes p\u00fablicos tienen que dar respuesta, promoviendo servicios de cuidados accesibles y de calidad, con el fin de que las mujeres se puedan integrar en igualdad de condiciones en el mercado de trabajo.<\/p>\t\t\t\t\t\t<\/div>\n\t\t\t\t<\/div>\n\t\t\t\t\t<\/div>\n\t\t<\/div>\n\t\t\t\t\t<\/div>\n\t\t<\/section>\n\t\t\t\t<section class=\"elementor-section elementor-top-section elementor-element elementor-element-5cbc490d elementor-section-boxed elementor-section-height-default elementor-section-height-default\" data-id=\"5cbc490d\" data-element_type=\"section\">\n\t\t\t\t\t\t<div class=\"elementor-container elementor-column-gap-default\">\n\t\t\t\t\t<div class=\"elementor-column elementor-col-100 elementor-top-column elementor-element elementor-element-39583dd9\" data-id=\"39583dd9\" data-element_type=\"column\">\n\t\t\t<div class=\"elementor-widget-wrap elementor-element-populated\">\n\t\t\t\t\t\t<div class=\"elementor-element elementor-element-5afa1e6d elementor-widget-divider--view-line_icon elementor-view-default elementor-widget-divider--element-align-center elementor-widget elementor-widget-divider\" data-id=\"5afa1e6d\" data-element_type=\"widget\" data-widget_type=\"divider.default\">\n\t\t\t\t<div class=\"elementor-widget-container\">\n\t\t\t\t\t<div class=\"elementor-divider\">\n\t\t\t<span class=\"elementor-divider-separator\">\n\t\t\t\t\t\t\t<div class=\"elementor-icon elementor-divider__element\">\n\t\t\t\t\t<i aria-hidden=\"true\" class=\"fas fa-star-of-life\"><\/i><\/div>\n\t\t\t\t\t\t<\/span>\n\t\t<\/div>\n\t\t\t\t<\/div>\n\t\t\t\t<\/div>\n\t\t\t\t\t<\/div>\n\t\t<\/div>\n\t\t\t\t\t<\/div>\n\t\t<\/section>\n\t\t\t\t<section class=\"elementor-section elementor-top-section elementor-element elementor-element-594e70f elementor-section-boxed elementor-section-height-default elementor-section-height-default\" data-id=\"594e70f\" data-element_type=\"section\">\n\t\t\t\t\t\t<div class=\"elementor-container elementor-column-gap-default\">\n\t\t\t\t\t<div class=\"elementor-column elementor-col-33 elementor-top-column elementor-element elementor-element-388d978\" data-id=\"388d978\" data-element_type=\"column\">\n\t\t\t<div class=\"elementor-widget-wrap elementor-element-populated\">\n\t\t\t\t\t\t<div class=\"elementor-element elementor-element-447f1e4 elementor-widget elementor-widget-heading\" data-id=\"447f1e4\" data-element_type=\"widget\" data-widget_type=\"heading.default\">\n\t\t\t\t<div class=\"elementor-widget-container\">\n\t\t\t<h4 class=\"elementor-heading-title elementor-size-default\">Objetivo tercero<\/h4>\t\t<\/div>\n\t\t\t\t<\/div>\n\t\t\t\t<div class=\"elementor-element elementor-element-d3a5155 elementor-widget elementor-widget-heading\" data-id=\"d3a5155\" data-element_type=\"widget\" data-widget_type=\"heading.default\">\n\t\t\t\t<div class=\"elementor-widget-container\">\n\t\t\t<h6 class=\"elementor-heading-title elementor-size-default\">Seguridad y salud laboral y protecci\u00f3n social<\/h6>\t\t<\/div>\n\t\t\t\t<\/div>\n\t\t\t\t<div class=\"elementor-element elementor-element-b3fe7a4 elementor-widget elementor-widget-image\" data-id=\"b3fe7a4\" data-element_type=\"widget\" data-widget_type=\"image.default\">\n\t\t\t\t<div class=\"elementor-widget-container\">\n\t\t\t\t\t\t\t\t\t\t\t\t\t<img decoding=\"async\" width=\"270\" height=\"168\" src=\"https:\/\/sermujerytrabajo.es\/wp-content\/uploads\/2020\/10\/objetivo3-1.png\" class=\"attachment-medium size-medium wp-image-817\" alt=\"\" \/>\t\t\t\t\t\t\t\t\t\t\t\t\t<\/div>\n\t\t\t\t<\/div>\n\t\t\t\t\t<\/div>\n\t\t<\/div>\n\t\t\t\t<div class=\"elementor-column elementor-col-66 elementor-top-column elementor-element elementor-element-80258dc\" data-id=\"80258dc\" data-element_type=\"column\">\n\t\t\t<div class=\"elementor-widget-wrap elementor-element-populated\">\n\t\t\t\t\t\t<div class=\"elementor-element elementor-element-4d8d66f elementor-widget elementor-widget-text-editor\" data-id=\"4d8d66f\" data-element_type=\"widget\" data-widget_type=\"text-editor.default\">\n\t\t\t\t<div class=\"elementor-widget-container\">\n\t\t\t\t\t\t\t<p>Estudio y an\u00e1lisis de las medidas de prevenci\u00f3n de la salud de la mujer trabajadora que puedan contrarrestar el mayor n\u00famero de bajas, y el incremento de los riesgos psicosociales que padecen en mayor medida que los hombres. De otro\u00a0<span style=\"font-size: inherit;\">lado, se atender\u00e1 a la falta de medidas de prevenci\u00f3n de las trabajadoras del cuidado, que conducen a que la normativa de seguridad y salud <\/span><span style=\"font-size: inherit;\">laboral deba reorientarse en clave de g\u00e9nero, para la mejora de su posici\u00f3n en el mercado de trabajo.\u00a0<\/span><\/p>\n<p><span style=\"font-size: inherit;\">Asimismo, se abordar\u00e1 el tratamiento de las actuaciones m\u00e1s eficientes y efectivas frente a la violencia de g\u00e9nero en el trabajo<\/span><span style=\"font-size: inherit;\">-acoso moral, sexual o por raz\u00f3n de g\u00e9nero- proponiendo cl\u00e1usulas alternativas a los protocolos de actuaci\u00f3n articulados en la negociaci\u00f3n colectiva, y estudiando los mecanismos de tutela. De otro lado, se propondr\u00e1n medidas laborales\u00a0<\/span><span style=\"font-size: inherit;\">m\u00e1s s\u00f3lidas para la reinserci\u00f3n laboral de las v\u00edctimas de la violencia de g\u00e9nero, as\u00ed como se replantear\u00e1 el tratamiento jur\u00eddico de la prostituci\u00f3n y el trabajo sexual, reflexionando sobre f\u00f3rmulas reguladoras de tutela laboral\u00a0<\/span><span style=\"font-size: inherit;\">de su actividad.<\/span><\/p>\n<p><span style=\"font-size: inherit;\">Finalmente, se investigar\u00e1 sobre los efectos que tiene para las mujeres las condiciones de trabajo devaluadas en el Sistema de Seguridad Social, analizando la repercusi\u00f3n de la parcialidad en el trabajo, las interrupciones\u00a0<\/span><span style=\"font-size: inherit;\">en la carrera profesional, y la minoraci\u00f3n salarial en la acci\u00f3n protectora. Se centrar\u00e1 la atenci\u00f3n en las prestaciones sociales m\u00e1s feminizadas por raz\u00f3n de los cuidados, y en las pensiones, de modo particular en la jubilaci\u00f3n\u00a0<\/span><span style=\"font-size: inherit;\">y en la viudedad, sin obviar el ingreso m\u00ednimo vital.<\/span><\/p>\t\t\t\t\t\t<\/div>\n\t\t\t\t<\/div>\n\t\t\t\t\t<\/div>\n\t\t<\/div>\n\t\t\t\t\t<\/div>\n\t\t<\/section>\n\t\t\t\t<section class=\"elementor-section elementor-top-section elementor-element elementor-element-487a113 elementor-section-boxed elementor-section-height-default elementor-section-height-default\" data-id=\"487a113\" data-element_type=\"section\">\n\t\t\t\t\t\t<div class=\"elementor-container elementor-column-gap-default\">\n\t\t\t\t\t<div class=\"elementor-column elementor-col-100 elementor-top-column elementor-element elementor-element-125e449\" data-id=\"125e449\" data-element_type=\"column\">\n\t\t\t<div class=\"elementor-widget-wrap elementor-element-populated\">\n\t\t\t\t\t\t<div class=\"elementor-element elementor-element-5ea73e0 elementor-widget elementor-widget-spacer\" data-id=\"5ea73e0\" data-element_type=\"widget\" data-widget_type=\"spacer.default\">\n\t\t\t\t<div class=\"elementor-widget-container\">\n\t\t\t\t\t<div class=\"elementor-spacer\">\n\t\t\t<div class=\"elementor-spacer-inner\"><\/div>\n\t\t<\/div>\n\t\t\t\t<\/div>\n\t\t\t\t<\/div>\n\t\t\t\t\t<\/div>\n\t\t<\/div>\n\t\t\t\t\t<\/div>\n\t\t<\/section>\n\t\t\t\t<\/div>\n\t\t","protected":false},"excerpt":{"rendered":"<p>Objetivo primero Acceso y condiciones principales de contrataci\u00f3n En primera instancia, se efectuara un diagn\u00f3stico de las dificultades espec\u00edficas que tienen las mujeres para la entrada en el mercado de trabajo, analizando los estadios previos a la celebraci\u00f3n del contrato de trabajo, en las que&nbsp;se pueden percibir las discriminaciones directas [&hellip;]<\/p>\n","protected":false},"author":1,"featured_media":0,"parent":0,"menu_order":0,"comment_status":"closed","ping_status":"closed","template":"","meta":{"footnotes":""},"class_list":["post-1607","page","type-page","status-publish","hentry"],"yoast_head":"<!-- This site is optimized with the Yoast SEO plugin v15.2 - https:\/\/yoast.com\/wordpress\/plugins\/seo\/ -->\n<title>Objetivos -<\/title>\n<meta name=\"description\" content=\"Proyecto de investigaci\u00f3n I+D \u00abRetos de investigaci\u00f3n\u00bb concedido en el marco del Programa Estatal I+D+i orientada a los Retos de la Sociedad del Ministerio de Ciencia, Innovaci\u00f3n y Universidades (Ref. externa: RTI2018-095398-B-100)\" \/>\n<meta name=\"robots\" content=\"index, follow, max-snippet:-1, max-image-preview:large, max-video-preview:-1\" \/>\n<link rel=\"canonical\" href=\"https:\/\/sermujerytrabajo.es\/?page_id=1607\" \/>\n<meta property=\"og:locale\" content=\"es_ES\" \/>\n<meta property=\"og:type\" content=\"article\" \/>\n<meta property=\"og:title\" content=\"Objetivos -\" \/>\n<meta property=\"og:description\" content=\"Proyecto de investigaci\u00f3n I+D \u00abRetos de investigaci\u00f3n\u00bb concedido en el marco del Programa Estatal I+D+i orientada a los Retos de la Sociedad del Ministerio de Ciencia, Innovaci\u00f3n y Universidades (Ref. externa: RTI2018-095398-B-100)\" \/>\n<meta property=\"og:url\" content=\"https:\/\/sermujerytrabajo.es\/?page_id=1607\" \/>\n<meta property=\"article:modified_time\" content=\"2020-11-16T22:20:42+00:00\" \/>\n<meta property=\"og:image\" content=\"https:\/\/sermujerytrabajo.es\/wp-content\/uploads\/2020\/10\/objetivo-1.png\" \/>\n<meta name=\"twitter:card\" content=\"summary_large_image\" \/>\n<meta name=\"twitter:label1\" value=\"Escrito por\">\n\t<meta name=\"twitter:data1\" value=\"sermujerytrabajo.es\">\n\t<meta name=\"twitter:label2\" value=\"Tiempo de lectura\">\n\t<meta name=\"twitter:data2\" value=\"4 minutos\">\n<script type=\"application\/ld+json\" class=\"yoast-schema-graph\">{\"@context\":\"https:\/\/schema.org\",\"@graph\":[{\"@type\":\"Organization\",\"@id\":\"https:\/\/sermujerytrabajo.es\/#organization\",\"name\":\"Ser mujer en el mercado de trabajo\",\"url\":\"https:\/\/sermujerytrabajo.es\/\",\"sameAs\":[],\"logo\":{\"@type\":\"ImageObject\",\"@id\":\"https:\/\/sermujerytrabajo.es\/#logo\",\"inLanguage\":\"es\",\"url\":\"https:\/\/sermujerytrabajo.es\/wp-content\/uploads\/2020\/09\/d134bcc4-4ca2-476c-bef9-f663ae8535d2_200x200.png\",\"width\":200,\"height\":200,\"caption\":\"Ser mujer en el mercado de trabajo\"},\"image\":{\"@id\":\"https:\/\/sermujerytrabajo.es\/#logo\"}},{\"@type\":\"WebSite\",\"@id\":\"https:\/\/sermujerytrabajo.es\/#website\",\"url\":\"https:\/\/sermujerytrabajo.es\/\",\"name\":\"\",\"description\":\"\",\"publisher\":{\"@id\":\"https:\/\/sermujerytrabajo.es\/#organization\"},\"potentialAction\":[{\"@type\":\"SearchAction\",\"target\":\"https:\/\/sermujerytrabajo.es\/?s={search_term_string}\",\"query-input\":\"required name=search_term_string\"}],\"inLanguage\":\"es\"},{\"@type\":\"ImageObject\",\"@id\":\"https:\/\/sermujerytrabajo.es\/?page_id=1607#primaryimage\",\"inLanguage\":\"es\",\"url\":\"https:\/\/sermujerytrabajo.es\/wp-content\/uploads\/2020\/10\/objetivo-1.png\",\"width\":263,\"height\":175},{\"@type\":\"WebPage\",\"@id\":\"https:\/\/sermujerytrabajo.es\/?page_id=1607#webpage\",\"url\":\"https:\/\/sermujerytrabajo.es\/?page_id=1607\",\"name\":\"Objetivos -\",\"isPartOf\":{\"@id\":\"https:\/\/sermujerytrabajo.es\/#website\"},\"primaryImageOfPage\":{\"@id\":\"https:\/\/sermujerytrabajo.es\/?page_id=1607#primaryimage\"},\"datePublished\":\"2020-11-02T22:07:57+00:00\",\"dateModified\":\"2020-11-16T22:20:42+00:00\",\"description\":\"Proyecto de investigaci\\u00f3n I+D \\u00abRetos de investigaci\\u00f3n\\u00bb concedido en el marco del Programa Estatal I+D+i orientada a los Retos de la Sociedad del Ministerio de Ciencia, Innovaci\\u00f3n y Universidades (Ref. externa: RTI2018-095398-B-100)\",\"inLanguage\":\"es\",\"potentialAction\":[{\"@type\":\"ReadAction\",\"target\":[\"https:\/\/sermujerytrabajo.es\/?page_id=1607\"]}]}]}<\/script>\n<!-- \/ Yoast SEO plugin. -->","jetpack_sharing_enabled":true,"_links":{"self":[{"href":"https:\/\/sermujerytrabajo.es\/index.php?rest_route=\/wp\/v2\/pages\/1607","targetHints":{"allow":["GET"]}}],"collection":[{"href":"https:\/\/sermujerytrabajo.es\/index.php?rest_route=\/wp\/v2\/pages"}],"about":[{"href":"https:\/\/sermujerytrabajo.es\/index.php?rest_route=\/wp\/v2\/types\/page"}],"author":[{"embeddable":true,"href":"https:\/\/sermujerytrabajo.es\/index.php?rest_route=\/wp\/v2\/users\/1"}],"replies":[{"embeddable":true,"href":"https:\/\/sermujerytrabajo.es\/index.php?rest_route=%2Fwp%2Fv2%2Fcomments&post=1607"}],"version-history":[{"count":12,"href":"https:\/\/sermujerytrabajo.es\/index.php?rest_route=\/wp\/v2\/pages\/1607\/revisions"}],"predecessor-version":[{"id":1800,"href":"https:\/\/sermujerytrabajo.es\/index.php?rest_route=\/wp\/v2\/pages\/1607\/revisions\/1800"}],"wp:attachment":[{"href":"https:\/\/sermujerytrabajo.es\/index.php?rest_route=%2Fwp%2Fv2%2Fmedia&parent=1607"}],"curies":[{"name":"wp","href":"https:\/\/api.w.org\/{rel}","templated":true}]}}