{"id":3051,"date":"2021-04-14T17:43:20","date_gmt":"2021-04-14T15:43:20","guid":{"rendered":"https:\/\/sermujerytrabajo.es\/?page_id=3051"},"modified":"2023-07-28T10:38:57","modified_gmt":"2023-07-28T08:38:57","slug":"mujer-y-violencia","status":"publish","type":"page","link":"https:\/\/sermujerytrabajo.es\/?page_id=3051","title":{"rendered":"Mujer y violencia"},"content":{"rendered":"\t\t<div data-elementor-type=\"wp-page\" data-elementor-id=\"3051\" class=\"elementor elementor-3051\">\n\t\t\t\t\t\t<section class=\"elementor-section elementor-top-section elementor-element elementor-element-5c5818e7 elementor-section-boxed elementor-section-height-default elementor-section-height-default\" data-id=\"5c5818e7\" data-element_type=\"section\">\n\t\t\t\t\t\t<div class=\"elementor-container elementor-column-gap-default\">\n\t\t\t\t\t<div class=\"elementor-column elementor-col-100 elementor-top-column elementor-element elementor-element-3be1471\" data-id=\"3be1471\" data-element_type=\"column\">\n\t\t\t<div class=\"elementor-widget-wrap elementor-element-populated\">\n\t\t\t\t\t\t<div class=\"elementor-element elementor-element-a15860c elementor-widget elementor-widget-heading\" data-id=\"a15860c\" data-element_type=\"widget\" data-widget_type=\"heading.default\">\n\t\t\t\t<div class=\"elementor-widget-container\">\n\t\t\t<h5 class=\"elementor-heading-title elementor-size-default\">Autora: M. Bego\u00f1a Garc\u00eda Gil<\/h5>\t\t<\/div>\n\t\t\t\t<\/div>\n\t\t\t\t<div class=\"elementor-element elementor-element-78c6d81 elementor-widget elementor-widget-heading\" data-id=\"78c6d81\" data-element_type=\"widget\" data-widget_type=\"heading.default\">\n\t\t\t\t<div class=\"elementor-widget-container\">\n\t\t\t<h2 class=\"elementor-heading-title elementor-size-default\">Violencia de g\u00e9nero<\/h2>\t\t<\/div>\n\t\t\t\t<\/div>\n\t\t\t\t\t<\/div>\n\t\t<\/div>\n\t\t\t\t\t<\/div>\n\t\t<\/section>\n\t\t\t\t<section class=\"elementor-section elementor-top-section elementor-element elementor-element-273e797 elementor-section-boxed elementor-section-height-default elementor-section-height-default\" data-id=\"273e797\" data-element_type=\"section\">\n\t\t\t\t\t\t<div class=\"elementor-container elementor-column-gap-default\">\n\t\t\t\t\t<div class=\"elementor-column elementor-col-100 elementor-top-column elementor-element elementor-element-cb2b300\" data-id=\"cb2b300\" data-element_type=\"column\">\n\t\t\t<div class=\"elementor-widget-wrap elementor-element-populated\">\n\t\t\t\t\t\t<div class=\"elementor-element elementor-element-14072bf elementor-widget elementor-widget-heading\" data-id=\"14072bf\" data-element_type=\"widget\" data-widget_type=\"heading.default\">\n\t\t\t\t<div class=\"elementor-widget-container\">\n\t\t\t<h5 class=\"elementor-heading-title elementor-size-default\">El 11% de las mujeres de 16 a\u00f1os o m\u00e1s (2,2 millones) han sufrido violencia f\u00edsica o sexual de sus parejas o exparejas. Y la cifra llega al 24,4% (4,9 millones) cuando los agresores son hombres sin esa vinculaci\u00f3n sentimental.\u201d<\/h5>\t\t<\/div>\n\t\t\t\t<\/div>\n\t\t\t\t\t<\/div>\n\t\t<\/div>\n\t\t\t\t\t<\/div>\n\t\t<\/section>\n\t\t\t\t<section class=\"elementor-section elementor-top-section elementor-element elementor-element-c7ef603 elementor-section-boxed elementor-section-height-default elementor-section-height-default\" data-id=\"c7ef603\" data-element_type=\"section\">\n\t\t\t\t\t\t<div class=\"elementor-container elementor-column-gap-default\">\n\t\t\t\t\t<div class=\"elementor-column elementor-col-100 elementor-top-column elementor-element elementor-element-2ab2cff\" data-id=\"2ab2cff\" data-element_type=\"column\">\n\t\t\t<div class=\"elementor-widget-wrap elementor-element-populated\">\n\t\t\t\t\t\t\t<\/div>\n\t\t<\/div>\n\t\t\t\t\t<\/div>\n\t\t<\/section>\n\t\t\t\t<\/div>\n\t\t","protected":false},"excerpt":{"rendered":"<p>Autora: M. Bego\u00f1a Garc\u00eda Gil Violencia de g\u00e9nero El 11% de las mujeres de 16 a\u00f1os o m\u00e1s (2,2 millones) han sufrido violencia f\u00edsica o sexual de sus parejas o exparejas. Y la cifra llega al 24,4% (4,9 millones) cuando los agresores son hombres sin esa vinculaci\u00f3n sentimental.\u201d<\/p>\n","protected":false},"author":3,"featured_media":0,"parent":0,"menu_order":0,"comment_status":"closed","ping_status":"closed","template":"","meta":{"footnotes":""},"class_list":["post-3051","page","type-page","status-publish","hentry"],"yoast_head":"<!-- This site is optimized with the Yoast SEO plugin v15.2 - https:\/\/yoast.com\/wordpress\/plugins\/seo\/ -->\n<title>Mujer y violencia -<\/title>\n<meta name=\"description\" content=\"Proyecto de investigaci\u00f3n I+D \u00abRetos de investigaci\u00f3n\u00bb concedido en el marco del Programa Estatal I+D+i orientada a los Retos de la Sociedad del Ministerio de Ciencia, Innovaci\u00f3n y Universidades (Ref. externa: RTI2018-095398-B-100)\" \/>\n<meta name=\"robots\" content=\"index, follow, max-snippet:-1, max-image-preview:large, max-video-preview:-1\" \/>\n<link rel=\"canonical\" href=\"https:\/\/sermujerytrabajo.es\/?page_id=3051\" \/>\n<meta property=\"og:locale\" content=\"es_ES\" \/>\n<meta property=\"og:type\" content=\"article\" \/>\n<meta property=\"og:title\" content=\"Mujer y violencia -\" \/>\n<meta property=\"og:description\" content=\"Proyecto de investigaci\u00f3n I+D \u00abRetos de investigaci\u00f3n\u00bb concedido en el marco del Programa Estatal I+D+i orientada a los Retos de la Sociedad del Ministerio de Ciencia, Innovaci\u00f3n y Universidades (Ref. externa: RTI2018-095398-B-100)\" \/>\n<meta property=\"og:url\" content=\"https:\/\/sermujerytrabajo.es\/?page_id=3051\" \/>\n<meta property=\"article:modified_time\" content=\"2023-07-28T08:38:57+00:00\" \/>\n<meta name=\"twitter:card\" content=\"summary_large_image\" \/>\n<meta name=\"twitter:label1\" value=\"Escrito por\">\n\t<meta name=\"twitter:data1\" value=\"Maria Bego\u00f1a Garc\u00eda Gil\">\n\t<meta name=\"twitter:label2\" value=\"Tiempo de lectura\">\n\t<meta name=\"twitter:data2\" value=\"0 minutos\">\n<script type=\"application\/ld+json\" class=\"yoast-schema-graph\">{\"@context\":\"https:\/\/schema.org\",\"@graph\":[{\"@type\":\"Organization\",\"@id\":\"https:\/\/sermujerytrabajo.es\/#organization\",\"name\":\"Ser mujer en el mercado de trabajo\",\"url\":\"https:\/\/sermujerytrabajo.es\/\",\"sameAs\":[],\"logo\":{\"@type\":\"ImageObject\",\"@id\":\"https:\/\/sermujerytrabajo.es\/#logo\",\"inLanguage\":\"es\",\"url\":\"https:\/\/sermujerytrabajo.es\/wp-content\/uploads\/2020\/09\/d134bcc4-4ca2-476c-bef9-f663ae8535d2_200x200.png\",\"width\":200,\"height\":200,\"caption\":\"Ser mujer en el mercado de trabajo\"},\"image\":{\"@id\":\"https:\/\/sermujerytrabajo.es\/#logo\"}},{\"@type\":\"WebSite\",\"@id\":\"https:\/\/sermujerytrabajo.es\/#website\",\"url\":\"https:\/\/sermujerytrabajo.es\/\",\"name\":\"\",\"description\":\"\",\"publisher\":{\"@id\":\"https:\/\/sermujerytrabajo.es\/#organization\"},\"potentialAction\":[{\"@type\":\"SearchAction\",\"target\":\"https:\/\/sermujerytrabajo.es\/?s={search_term_string}\",\"query-input\":\"required name=search_term_string\"}],\"inLanguage\":\"es\"},{\"@type\":\"WebPage\",\"@id\":\"https:\/\/sermujerytrabajo.es\/?page_id=3051#webpage\",\"url\":\"https:\/\/sermujerytrabajo.es\/?page_id=3051\",\"name\":\"Mujer y violencia -\",\"isPartOf\":{\"@id\":\"https:\/\/sermujerytrabajo.es\/#website\"},\"datePublished\":\"2021-04-14T15:43:20+00:00\",\"dateModified\":\"2023-07-28T08:38:57+00:00\",\"description\":\"Proyecto de investigaci\\u00f3n I+D \\u00abRetos de investigaci\\u00f3n\\u00bb concedido en el marco del Programa Estatal I+D+i orientada a los Retos de la Sociedad del Ministerio de Ciencia, Innovaci\\u00f3n y Universidades (Ref. externa: RTI2018-095398-B-100)\",\"inLanguage\":\"es\",\"potentialAction\":[{\"@type\":\"ReadAction\",\"target\":[\"https:\/\/sermujerytrabajo.es\/?page_id=3051\"]}]}]}<\/script>\n<!-- \/ Yoast SEO plugin. -->","jetpack_sharing_enabled":true,"_links":{"self":[{"href":"https:\/\/sermujerytrabajo.es\/index.php?rest_route=\/wp\/v2\/pages\/3051","targetHints":{"allow":["GET"]}}],"collection":[{"href":"https:\/\/sermujerytrabajo.es\/index.php?rest_route=\/wp\/v2\/pages"}],"about":[{"href":"https:\/\/sermujerytrabajo.es\/index.php?rest_route=\/wp\/v2\/types\/page"}],"author":[{"embeddable":true,"href":"https:\/\/sermujerytrabajo.es\/index.php?rest_route=\/wp\/v2\/users\/3"}],"replies":[{"embeddable":true,"href":"https:\/\/sermujerytrabajo.es\/index.php?rest_route=%2Fwp%2Fv2%2Fcomments&post=3051"}],"version-history":[{"count":41,"href":"https:\/\/sermujerytrabajo.es\/index.php?rest_route=\/wp\/v2\/pages\/3051\/revisions"}],"predecessor-version":[{"id":5544,"href":"https:\/\/sermujerytrabajo.es\/index.php?rest_route=\/wp\/v2\/pages\/3051\/revisions\/5544"}],"wp:attachment":[{"href":"https:\/\/sermujerytrabajo.es\/index.php?rest_route=%2Fwp%2Fv2%2Fmedia&parent=3051"}],"curies":[{"name":"wp","href":"https:\/\/api.w.org\/{rel}","templated":true}]}}