{"id":5782,"date":"2024-03-04T18:37:00","date_gmt":"2024-03-04T16:37:00","guid":{"rendered":"https:\/\/sermujerytrabajo.es\/?page_id=5782"},"modified":"2024-03-21T21:32:46","modified_gmt":"2024-03-21T19:32:46","slug":"objetivos-2","status":"publish","type":"page","link":"https:\/\/sermujerytrabajo.es\/?page_id=5782","title":{"rendered":"OBJETIVOS"},"content":{"rendered":"\t\t<div data-elementor-type=\"wp-page\" data-elementor-id=\"5782\" class=\"elementor elementor-5782\">\n\t\t\t\t\t\t<section class=\"elementor-section elementor-top-section elementor-element elementor-element-3beb032d elementor-section-boxed elementor-section-height-default elementor-section-height-default\" data-id=\"3beb032d\" data-element_type=\"section\">\n\t\t\t\t\t\t<div class=\"elementor-container elementor-column-gap-default\">\n\t\t\t\t\t<div class=\"elementor-column elementor-col-100 elementor-top-column elementor-element elementor-element-7b42a11d\" data-id=\"7b42a11d\" data-element_type=\"column\">\n\t\t\t<div class=\"elementor-widget-wrap elementor-element-populated\">\n\t\t\t\t\t\t<div class=\"elementor-element elementor-element-440059d7 elementor-widget elementor-widget-heading\" data-id=\"440059d7\" data-element_type=\"widget\" data-widget_type=\"heading.default\">\n\t\t\t\t<div class=\"elementor-widget-container\">\n\t\t\t<h3 class=\"elementor-heading-title elementor-size-default\">\u00c1REA DE ACTUACI\u00d3N PRIMERA<\/h3>\t\t<\/div>\n\t\t\t\t<\/div>\n\t\t\t\t<div class=\"elementor-element elementor-element-66619e1 elementor-widget elementor-widget-heading\" data-id=\"66619e1\" data-element_type=\"widget\" data-widget_type=\"heading.default\">\n\t\t\t\t<div class=\"elementor-widget-container\">\n\t\t\t<h5 class=\"elementor-heading-title elementor-size-default\">Brecha de g\u00e9nero en el acceso, formaci\u00f3n en competencias digitales profesionales <\/h5>\t\t<\/div>\n\t\t\t\t<\/div>\n\t\t\t\t<div class=\"elementor-element elementor-element-3216dfb8 elementor-widget elementor-widget-image\" data-id=\"3216dfb8\" data-element_type=\"widget\" data-widget_type=\"image.default\">\n\t\t\t\t<div class=\"elementor-widget-container\">\n\t\t\t\t\t\t\t\t\t\t\t\t\t<img fetchpriority=\"high\" decoding=\"async\" width=\"750\" height=\"500\" src=\"https:\/\/sermujerytrabajo.es\/wp-content\/uploads\/2024\/03\/iStock-1214298505-768x512.jpg\" class=\"attachment-medium_large size-medium_large wp-image-5800\" alt=\"\" srcset=\"https:\/\/sermujerytrabajo.es\/wp-content\/uploads\/2024\/03\/iStock-1214298505-768x512.jpg 768w, https:\/\/sermujerytrabajo.es\/wp-content\/uploads\/2024\/03\/iStock-1214298505-300x200.jpg 300w, https:\/\/sermujerytrabajo.es\/wp-content\/uploads\/2024\/03\/iStock-1214298505-1024x683.jpg 1024w, https:\/\/sermujerytrabajo.es\/wp-content\/uploads\/2024\/03\/iStock-1214298505-1536x1024.jpg 1536w, https:\/\/sermujerytrabajo.es\/wp-content\/uploads\/2024\/03\/iStock-1214298505-2048x1365.jpg 2048w, https:\/\/sermujerytrabajo.es\/wp-content\/uploads\/2024\/03\/iStock-1214298505-360x240.jpg 360w\" sizes=\"(max-width: 750px) 100vw, 750px\" \/>\t\t\t\t\t\t\t\t\t\t\t\t\t<\/div>\n\t\t\t\t<\/div>\n\t\t\t\t\t<\/div>\n\t\t<\/div>\n\t\t\t\t\t<\/div>\n\t\t<\/section>\n\t\t\t\t<section class=\"elementor-section elementor-top-section elementor-element elementor-element-78606da elementor-section-boxed elementor-section-height-default elementor-section-height-default\" data-id=\"78606da\" data-element_type=\"section\">\n\t\t\t\t\t\t<div class=\"elementor-container elementor-column-gap-default\">\n\t\t\t\t\t<div class=\"elementor-column elementor-col-100 elementor-top-column elementor-element elementor-element-a8d3dde\" data-id=\"a8d3dde\" data-element_type=\"column\">\n\t\t\t<div class=\"elementor-widget-wrap elementor-element-populated\">\n\t\t\t\t\t\t<div class=\"elementor-element elementor-element-1c04039 elementor-widget elementor-widget-heading\" data-id=\"1c04039\" data-element_type=\"widget\" data-widget_type=\"heading.default\">\n\t\t\t\t<div class=\"elementor-widget-container\">\n\t\t\t<h3 class=\"elementor-heading-title elementor-size-default\">\u00c1REA DE ACTUACI\u00d3N SEGUNDA<\/h3>\t\t<\/div>\n\t\t\t\t<\/div>\n\t\t\t\t<div class=\"elementor-element elementor-element-4be751f elementor-widget elementor-widget-heading\" data-id=\"4be751f\" data-element_type=\"widget\" data-widget_type=\"heading.default\">\n\t\t\t\t<div class=\"elementor-widget-container\">\n\t\t\t<h5 class=\"elementor-heading-title elementor-size-default\">Brecha de g\u00e9nero y discriminaci\u00f3n en los modelos de negocio de la econom\u00eda digital <\/h5>\t\t<\/div>\n\t\t\t\t<\/div>\n\t\t\t\t<div class=\"elementor-element elementor-element-238efce elementor-widget elementor-widget-image\" data-id=\"238efce\" data-element_type=\"widget\" data-widget_type=\"image.default\">\n\t\t\t\t<div class=\"elementor-widget-container\">\n\t\t\t\t\t\t\t\t\t\t\t\t\t<img decoding=\"async\" width=\"750\" height=\"500\" src=\"https:\/\/sermujerytrabajo.es\/wp-content\/uploads\/2024\/03\/algorithm-3859549_1280-768x512.jpg\" class=\"attachment-medium_large size-medium_large wp-image-5802\" alt=\"\" srcset=\"https:\/\/sermujerytrabajo.es\/wp-content\/uploads\/2024\/03\/algorithm-3859549_1280-768x512.jpg 768w, https:\/\/sermujerytrabajo.es\/wp-content\/uploads\/2024\/03\/algorithm-3859549_1280-300x200.jpg 300w, https:\/\/sermujerytrabajo.es\/wp-content\/uploads\/2024\/03\/algorithm-3859549_1280-1024x682.jpg 1024w, https:\/\/sermujerytrabajo.es\/wp-content\/uploads\/2024\/03\/algorithm-3859549_1280-360x240.jpg 360w, https:\/\/sermujerytrabajo.es\/wp-content\/uploads\/2024\/03\/algorithm-3859549_1280.jpg 1280w\" sizes=\"(max-width: 750px) 100vw, 750px\" \/>\t\t\t\t\t\t\t\t\t\t\t\t\t<\/div>\n\t\t\t\t<\/div>\n\t\t\t\t\t<\/div>\n\t\t<\/div>\n\t\t\t\t\t<\/div>\n\t\t<\/section>\n\t\t\t\t<section class=\"elementor-section elementor-top-section elementor-element elementor-element-918c822 elementor-section-boxed elementor-section-height-default elementor-section-height-default\" data-id=\"918c822\" data-element_type=\"section\">\n\t\t\t\t\t\t<div class=\"elementor-container elementor-column-gap-default\">\n\t\t\t\t\t<div class=\"elementor-column elementor-col-100 elementor-top-column elementor-element elementor-element-14d0adb\" data-id=\"14d0adb\" data-element_type=\"column\">\n\t\t\t<div class=\"elementor-widget-wrap elementor-element-populated\">\n\t\t\t\t\t\t<div class=\"elementor-element elementor-element-9cab18a elementor-widget elementor-widget-heading\" data-id=\"9cab18a\" data-element_type=\"widget\" data-widget_type=\"heading.default\">\n\t\t\t\t<div class=\"elementor-widget-container\">\n\t\t\t<h3 class=\"elementor-heading-title elementor-size-default\">\u00c1REA DE ACTUACI\u00d3N TERCERA<\/h3>\t\t<\/div>\n\t\t\t\t<\/div>\n\t\t\t\t<div class=\"elementor-element elementor-element-080d38e elementor-widget elementor-widget-heading\" data-id=\"080d38e\" data-element_type=\"widget\" data-widget_type=\"heading.default\">\n\t\t\t\t<div class=\"elementor-widget-container\">\n\t\t\t<h5 class=\"elementor-heading-title elementor-size-default\">Transformaci\u00f3n digital y cuidados de larga duraci\u00f3n<\/h5>\t\t<\/div>\n\t\t\t\t<\/div>\n\t\t\t\t<div class=\"elementor-element elementor-element-cfdf415 elementor-widget elementor-widget-image\" data-id=\"cfdf415\" data-element_type=\"widget\" data-widget_type=\"image.default\">\n\t\t\t\t<div class=\"elementor-widget-container\">\n\t\t\t\t\t\t\t\t\t\t\t\t\t<img decoding=\"async\" width=\"750\" height=\"450\" src=\"https:\/\/sermujerytrabajo.es\/wp-content\/uploads\/2024\/03\/iStock-1472258677-768x461.jpg\" class=\"attachment-medium_large size-medium_large wp-image-5797\" alt=\"\" srcset=\"https:\/\/sermujerytrabajo.es\/wp-content\/uploads\/2024\/03\/iStock-1472258677-768x461.jpg 768w, https:\/\/sermujerytrabajo.es\/wp-content\/uploads\/2024\/03\/iStock-1472258677-300x180.jpg 300w, https:\/\/sermujerytrabajo.es\/wp-content\/uploads\/2024\/03\/iStock-1472258677-1024x614.jpg 1024w, https:\/\/sermujerytrabajo.es\/wp-content\/uploads\/2024\/03\/iStock-1472258677-1536x922.jpg 1536w, https:\/\/sermujerytrabajo.es\/wp-content\/uploads\/2024\/03\/iStock-1472258677-2048x1229.jpg 2048w\" sizes=\"(max-width: 750px) 100vw, 750px\" \/>\t\t\t\t\t\t\t\t\t\t\t\t\t<\/div>\n\t\t\t\t<\/div>\n\t\t\t\t\t<\/div>\n\t\t<\/div>\n\t\t\t\t\t<\/div>\n\t\t<\/section>\n\t\t\t\t<section class=\"elementor-section elementor-top-section elementor-element elementor-element-05c7edf elementor-section-boxed elementor-section-height-default elementor-section-height-default\" data-id=\"05c7edf\" data-element_type=\"section\">\n\t\t\t\t\t\t<div class=\"elementor-container elementor-column-gap-default\">\n\t\t\t\t\t<div class=\"elementor-column elementor-col-100 elementor-top-column elementor-element elementor-element-67801ca\" data-id=\"67801ca\" data-element_type=\"column\">\n\t\t\t<div class=\"elementor-widget-wrap elementor-element-populated\">\n\t\t\t\t\t\t<div class=\"elementor-element elementor-element-ed1147b elementor-widget elementor-widget-heading\" data-id=\"ed1147b\" data-element_type=\"widget\" data-widget_type=\"heading.default\">\n\t\t\t\t<div class=\"elementor-widget-container\">\n\t\t\t<h3 class=\"elementor-heading-title elementor-size-default\">\u00c1REA DE ACTUACI\u00d3N CUARTA<\/h3>\t\t<\/div>\n\t\t\t\t<\/div>\n\t\t\t\t<div class=\"elementor-element elementor-element-b32d00c elementor-widget elementor-widget-heading\" data-id=\"b32d00c\" data-element_type=\"widget\" data-widget_type=\"heading.default\">\n\t\t\t\t<div class=\"elementor-widget-container\">\n\t\t\t<h5 class=\"elementor-heading-title elementor-size-default\">Teletrabajo, desconexi\u00f3n digital y conciliaci\u00f3n de responsabilidades <\/h5>\t\t<\/div>\n\t\t\t\t<\/div>\n\t\t\t\t<div class=\"elementor-element elementor-element-15718a2 elementor-widget elementor-widget-image\" data-id=\"15718a2\" data-element_type=\"widget\" data-widget_type=\"image.default\">\n\t\t\t\t<div class=\"elementor-widget-container\">\n\t\t\t\t\t\t\t\t\t\t\t\t\t<img loading=\"lazy\" decoding=\"async\" width=\"750\" height=\"500\" src=\"https:\/\/sermujerytrabajo.es\/wp-content\/uploads\/2024\/03\/student-849826_1280-768x512.jpg\" class=\"attachment-medium_large size-medium_large wp-image-5804\" alt=\"\" srcset=\"https:\/\/sermujerytrabajo.es\/wp-content\/uploads\/2024\/03\/student-849826_1280-768x512.jpg 768w, https:\/\/sermujerytrabajo.es\/wp-content\/uploads\/2024\/03\/student-849826_1280-300x200.jpg 300w, https:\/\/sermujerytrabajo.es\/wp-content\/uploads\/2024\/03\/student-849826_1280-1024x682.jpg 1024w, https:\/\/sermujerytrabajo.es\/wp-content\/uploads\/2024\/03\/student-849826_1280-360x240.jpg 360w, https:\/\/sermujerytrabajo.es\/wp-content\/uploads\/2024\/03\/student-849826_1280.jpg 1280w\" sizes=\"(max-width: 750px) 100vw, 750px\" \/>\t\t\t\t\t\t\t\t\t\t\t\t\t<\/div>\n\t\t\t\t<\/div>\n\t\t\t\t\t<\/div>\n\t\t<\/div>\n\t\t\t\t\t<\/div>\n\t\t<\/section>\n\t\t\t\t<section class=\"elementor-section elementor-top-section elementor-element elementor-element-2e165ac elementor-section-boxed elementor-section-height-default elementor-section-height-default\" data-id=\"2e165ac\" data-element_type=\"section\">\n\t\t\t\t\t\t<div class=\"elementor-container elementor-column-gap-default\">\n\t\t\t\t\t<div class=\"elementor-column elementor-col-100 elementor-top-column elementor-element elementor-element-2822321\" data-id=\"2822321\" data-element_type=\"column\">\n\t\t\t<div class=\"elementor-widget-wrap elementor-element-populated\">\n\t\t\t\t\t\t<div class=\"elementor-element elementor-element-cb99450 elementor-widget elementor-widget-heading\" data-id=\"cb99450\" data-element_type=\"widget\" data-widget_type=\"heading.default\">\n\t\t\t\t<div class=\"elementor-widget-container\">\n\t\t\t<h3 class=\"elementor-heading-title elementor-size-default\">\u00c1REA DE ACTUACI\u00d3N QUINTA<\/h3>\t\t<\/div>\n\t\t\t\t<\/div>\n\t\t\t\t<div class=\"elementor-element elementor-element-f702073 elementor-widget elementor-widget-heading\" data-id=\"f702073\" data-element_type=\"widget\" data-widget_type=\"heading.default\">\n\t\t\t\t<div class=\"elementor-widget-container\">\n\t\t\t<h5 class=\"elementor-heading-title elementor-size-default\">Violencia frente a la mujer en el entorno empresarial tecnol\u00f3gico<\/h5>\t\t<\/div>\n\t\t\t\t<\/div>\n\t\t\t\t<div class=\"elementor-element elementor-element-c9b896f elementor-widget elementor-widget-image\" data-id=\"c9b896f\" data-element_type=\"widget\" data-widget_type=\"image.default\">\n\t\t\t\t<div class=\"elementor-widget-container\">\n\t\t\t\t\t\t\t\t\t\t\t\t\t<img loading=\"lazy\" decoding=\"async\" width=\"750\" height=\"414\" src=\"https:\/\/sermujerytrabajo.es\/wp-content\/uploads\/2024\/03\/thumbnail_image-1.png\" class=\"attachment-large size-large wp-image-5949\" alt=\"\" srcset=\"https:\/\/sermujerytrabajo.es\/wp-content\/uploads\/2024\/03\/thumbnail_image-1.png 1004w, https:\/\/sermujerytrabajo.es\/wp-content\/uploads\/2024\/03\/thumbnail_image-1-300x166.png 300w, https:\/\/sermujerytrabajo.es\/wp-content\/uploads\/2024\/03\/thumbnail_image-1-768x424.png 768w\" sizes=\"(max-width: 750px) 100vw, 750px\" \/>\t\t\t\t\t\t\t\t\t\t\t\t\t<\/div>\n\t\t\t\t<\/div>\n\t\t\t\t\t<\/div>\n\t\t<\/div>\n\t\t\t\t\t<\/div>\n\t\t<\/section>\n\t\t\t\t<section class=\"elementor-section elementor-top-section elementor-element elementor-element-6887b5a7 elementor-section-boxed elementor-section-height-default elementor-section-height-default\" data-id=\"6887b5a7\" data-element_type=\"section\">\n\t\t\t\t\t\t<div class=\"elementor-container elementor-column-gap-default\">\n\t\t\t\t\t<div class=\"elementor-column elementor-col-100 elementor-top-column elementor-element elementor-element-64fa3094\" data-id=\"64fa3094\" data-element_type=\"column\">\n\t\t\t<div class=\"elementor-widget-wrap\">\n\t\t\t\t\t\t\t<\/div>\n\t\t<\/div>\n\t\t\t\t\t<\/div>\n\t\t<\/section>\n\t\t\t\t<section class=\"elementor-section elementor-top-section elementor-element elementor-element-487a113 elementor-section-boxed elementor-section-height-default elementor-section-height-default\" data-id=\"487a113\" data-element_type=\"section\">\n\t\t\t\t\t\t<div class=\"elementor-container elementor-column-gap-default\">\n\t\t\t\t\t<div class=\"elementor-column elementor-col-100 elementor-top-column elementor-element elementor-element-125e449\" data-id=\"125e449\" data-element_type=\"column\">\n\t\t\t<div class=\"elementor-widget-wrap elementor-element-populated\">\n\t\t\t\t\t\t<div class=\"elementor-element elementor-element-5ea73e0 elementor-widget elementor-widget-spacer\" data-id=\"5ea73e0\" data-element_type=\"widget\" data-widget_type=\"spacer.default\">\n\t\t\t\t<div class=\"elementor-widget-container\">\n\t\t\t\t\t<div class=\"elementor-spacer\">\n\t\t\t<div class=\"elementor-spacer-inner\"><\/div>\n\t\t<\/div>\n\t\t\t\t<\/div>\n\t\t\t\t<\/div>\n\t\t\t\t\t<\/div>\n\t\t<\/div>\n\t\t\t\t\t<\/div>\n\t\t<\/section>\n\t\t\t\t<\/div>\n\t\t","protected":false},"excerpt":{"rendered":"<p>\u00c1REA DE ACTUACI\u00d3N PRIMERA Brecha de g\u00e9nero en el acceso, formaci\u00f3n en competencias digitales profesionales \u00c1REA DE ACTUACI\u00d3N SEGUNDA Brecha de g\u00e9nero y discriminaci\u00f3n en los modelos de negocio de la econom\u00eda digital \u00c1REA DE ACTUACI\u00d3N TERCERA Transformaci\u00f3n digital y cuidados de larga duraci\u00f3n \u00c1REA DE ACTUACI\u00d3N CUARTA Teletrabajo, desconexi\u00f3n [&hellip;]<\/p>\n","protected":false},"author":1,"featured_media":0,"parent":0,"menu_order":0,"comment_status":"closed","ping_status":"closed","template":"","meta":{"footnotes":""},"class_list":["post-5782","page","type-page","status-publish","hentry"],"yoast_head":"<!-- This site is optimized with the Yoast SEO plugin v15.2 - https:\/\/yoast.com\/wordpress\/plugins\/seo\/ -->\n<title>OBJETIVOS -<\/title>\n<meta name=\"description\" content=\"Proyecto de investigaci\u00f3n I+D \u00abRetos de investigaci\u00f3n\u00bb concedido en el marco del Programa Estatal I+D+i orientada a los Retos de la Sociedad del Ministerio de Ciencia, Innovaci\u00f3n y Universidades (Ref. externa: RTI2018-095398-B-100)\" \/>\n<meta name=\"robots\" content=\"index, follow, max-snippet:-1, max-image-preview:large, max-video-preview:-1\" \/>\n<link rel=\"canonical\" href=\"https:\/\/sermujerytrabajo.es\/?page_id=5782\" \/>\n<meta property=\"og:locale\" content=\"es_ES\" \/>\n<meta property=\"og:type\" content=\"article\" \/>\n<meta property=\"og:title\" content=\"OBJETIVOS -\" \/>\n<meta property=\"og:description\" content=\"Proyecto de investigaci\u00f3n I+D \u00abRetos de investigaci\u00f3n\u00bb concedido en el marco del Programa Estatal I+D+i orientada a los Retos de la Sociedad del Ministerio de Ciencia, Innovaci\u00f3n y Universidades (Ref. externa: RTI2018-095398-B-100)\" \/>\n<meta property=\"og:url\" content=\"https:\/\/sermujerytrabajo.es\/?page_id=5782\" \/>\n<meta property=\"article:modified_time\" content=\"2024-03-21T19:32:46+00:00\" \/>\n<meta property=\"og:image\" content=\"https:\/\/sermujerytrabajo.es\/wp-content\/uploads\/2024\/03\/iStock-1214298505-768x512.jpg\" \/>\n<meta name=\"twitter:card\" content=\"summary_large_image\" \/>\n<meta name=\"twitter:label1\" value=\"Escrito por\">\n\t<meta name=\"twitter:data1\" value=\"sermujerytrabajo.es\">\n\t<meta name=\"twitter:label2\" value=\"Tiempo de lectura\">\n\t<meta name=\"twitter:data2\" value=\"0 minutos\">\n<script type=\"application\/ld+json\" class=\"yoast-schema-graph\">{\"@context\":\"https:\/\/schema.org\",\"@graph\":[{\"@type\":\"Organization\",\"@id\":\"https:\/\/sermujerytrabajo.es\/#organization\",\"name\":\"Ser mujer en el mercado de trabajo\",\"url\":\"https:\/\/sermujerytrabajo.es\/\",\"sameAs\":[],\"logo\":{\"@type\":\"ImageObject\",\"@id\":\"https:\/\/sermujerytrabajo.es\/#logo\",\"inLanguage\":\"es\",\"url\":\"https:\/\/sermujerytrabajo.es\/wp-content\/uploads\/2020\/09\/d134bcc4-4ca2-476c-bef9-f663ae8535d2_200x200.png\",\"width\":200,\"height\":200,\"caption\":\"Ser mujer en el mercado de trabajo\"},\"image\":{\"@id\":\"https:\/\/sermujerytrabajo.es\/#logo\"}},{\"@type\":\"WebSite\",\"@id\":\"https:\/\/sermujerytrabajo.es\/#website\",\"url\":\"https:\/\/sermujerytrabajo.es\/\",\"name\":\"\",\"description\":\"\",\"publisher\":{\"@id\":\"https:\/\/sermujerytrabajo.es\/#organization\"},\"potentialAction\":[{\"@type\":\"SearchAction\",\"target\":\"https:\/\/sermujerytrabajo.es\/?s={search_term_string}\",\"query-input\":\"required name=search_term_string\"}],\"inLanguage\":\"es\"},{\"@type\":\"ImageObject\",\"@id\":\"https:\/\/sermujerytrabajo.es\/?page_id=5782#primaryimage\",\"inLanguage\":\"es\",\"url\":\"https:\/\/sermujerytrabajo.es\/wp-content\/uploads\/2024\/03\/iStock-1214298505-768x512.jpg\"},{\"@type\":\"WebPage\",\"@id\":\"https:\/\/sermujerytrabajo.es\/?page_id=5782#webpage\",\"url\":\"https:\/\/sermujerytrabajo.es\/?page_id=5782\",\"name\":\"OBJETIVOS -\",\"isPartOf\":{\"@id\":\"https:\/\/sermujerytrabajo.es\/#website\"},\"primaryImageOfPage\":{\"@id\":\"https:\/\/sermujerytrabajo.es\/?page_id=5782#primaryimage\"},\"datePublished\":\"2024-03-04T16:37:00+00:00\",\"dateModified\":\"2024-03-21T19:32:46+00:00\",\"description\":\"Proyecto de investigaci\\u00f3n I+D \\u00abRetos de investigaci\\u00f3n\\u00bb concedido en el marco del Programa Estatal I+D+i orientada a los Retos de la Sociedad del Ministerio de Ciencia, Innovaci\\u00f3n y Universidades (Ref. externa: RTI2018-095398-B-100)\",\"inLanguage\":\"es\",\"potentialAction\":[{\"@type\":\"ReadAction\",\"target\":[\"https:\/\/sermujerytrabajo.es\/?page_id=5782\"]}]}]}<\/script>\n<!-- \/ Yoast SEO plugin. -->","jetpack_sharing_enabled":true,"_links":{"self":[{"href":"https:\/\/sermujerytrabajo.es\/index.php?rest_route=\/wp\/v2\/pages\/5782","targetHints":{"allow":["GET"]}}],"collection":[{"href":"https:\/\/sermujerytrabajo.es\/index.php?rest_route=\/wp\/v2\/pages"}],"about":[{"href":"https:\/\/sermujerytrabajo.es\/index.php?rest_route=\/wp\/v2\/types\/page"}],"author":[{"embeddable":true,"href":"https:\/\/sermujerytrabajo.es\/index.php?rest_route=\/wp\/v2\/users\/1"}],"replies":[{"embeddable":true,"href":"https:\/\/sermujerytrabajo.es\/index.php?rest_route=%2Fwp%2Fv2%2Fcomments&post=5782"}],"version-history":[{"count":15,"href":"https:\/\/sermujerytrabajo.es\/index.php?rest_route=\/wp\/v2\/pages\/5782\/revisions"}],"predecessor-version":[{"id":5951,"href":"https:\/\/sermujerytrabajo.es\/index.php?rest_route=\/wp\/v2\/pages\/5782\/revisions\/5951"}],"wp:attachment":[{"href":"https:\/\/sermujerytrabajo.es\/index.php?rest_route=%2Fwp%2Fv2%2Fmedia&parent=5782"}],"curies":[{"name":"wp","href":"https:\/\/api.w.org\/{rel}","templated":true}]}}