{"id":5865,"date":"2024-03-12T13:23:29","date_gmt":"2024-03-12T11:23:29","guid":{"rendered":"https:\/\/sermujerytrabajo.es\/?page_id=5865"},"modified":"2024-04-09T15:11:54","modified_gmt":"2024-04-09T13:11:54","slug":"area-de-actuacion-segunda","status":"publish","type":"page","link":"https:\/\/sermujerytrabajo.es\/?page_id=5865","title":{"rendered":"\u00c1REA DE ACTUACI\u00d3N SEGUNDA"},"content":{"rendered":"\t\t<div data-elementor-type=\"wp-page\" data-elementor-id=\"5865\" class=\"elementor elementor-5865\">\n\t\t\t\t\t\t<section class=\"elementor-section elementor-top-section elementor-element elementor-element-64aeb899 elementor-section-boxed elementor-section-height-default elementor-section-height-default\" data-id=\"64aeb899\" data-element_type=\"section\">\n\t\t\t\t\t\t<div class=\"elementor-container elementor-column-gap-default\">\n\t\t\t\t\t<div class=\"elementor-column elementor-col-100 elementor-top-column elementor-element elementor-element-631d8b19\" data-id=\"631d8b19\" data-element_type=\"column\">\n\t\t\t<div class=\"elementor-widget-wrap elementor-element-populated\">\n\t\t\t\t\t\t<div class=\"elementor-element elementor-element-5f265ac1 elementor-widget elementor-widget-text-editor\" data-id=\"5f265ac1\" data-element_type=\"widget\" data-widget_type=\"text-editor.default\">\n\t\t\t\t<div class=\"elementor-widget-container\">\n\t\t\t\t\t\t\t<!-- wp:themeisle-blocks\/advanced-columns {\"id\":\"wp-block-themeisle-blocks-advanced-columns-0d836b98\"} -->\n<div class=\"wp-block-themeisle-blocks-advanced-columns has-undefined-columns has-desktop-undefined-layout has-tablet-equal-layout has-mobile-equal-layout has-default-gap has-vertical-unset\" id=\"wp-block-themeisle-blocks-advanced-columns-0d836b98\"><div class=\"wp-block-themeisle-blocks-advanced-columns-overlay\"><\/div><div class=\"innerblocks-wrap\"><\/div><\/div>\n<!-- \/wp:themeisle-blocks\/advanced-columns -->\t\t\t\t\t\t<\/div>\n\t\t\t\t<\/div>\n\t\t\t\t<div class=\"elementor-element elementor-element-9ab4e51 elementor-widget elementor-widget-heading\" data-id=\"9ab4e51\" data-element_type=\"widget\" data-widget_type=\"heading.default\">\n\t\t\t\t<div class=\"elementor-widget-container\">\n\t\t\t<h2 class=\"elementor-heading-title elementor-size-default\">Brecha de g\u00e9nero y discriminaci\u00f3n en los modelos de negocio de la econom\u00eda digital<\/h2>\t\t<\/div>\n\t\t\t\t<\/div>\n\t\t\t\t\t<\/div>\n\t\t<\/div>\n\t\t\t\t\t<\/div>\n\t\t<\/section>\n\t\t\t\t<section class=\"elementor-section elementor-top-section elementor-element elementor-element-76b92db elementor-section-boxed elementor-section-height-default elementor-section-height-default\" data-id=\"76b92db\" data-element_type=\"section\">\n\t\t\t\t\t\t<div class=\"elementor-container elementor-column-gap-default\">\n\t\t\t\t\t<div class=\"elementor-column elementor-col-100 elementor-top-column elementor-element elementor-element-da732dc\" data-id=\"da732dc\" data-element_type=\"column\">\n\t\t\t<div class=\"elementor-widget-wrap elementor-element-populated\">\n\t\t\t\t\t\t<div class=\"elementor-element elementor-element-759673b elementor-widget elementor-widget-image\" data-id=\"759673b\" data-element_type=\"widget\" data-widget_type=\"image.default\">\n\t\t\t\t<div class=\"elementor-widget-container\">\n\t\t\t\t\t\t\t\t\t\t\t\t\t<img fetchpriority=\"high\" decoding=\"async\" width=\"750\" height=\"500\" src=\"https:\/\/sermujerytrabajo.es\/wp-content\/uploads\/2024\/03\/algorithm-3859549_1280-1024x682.jpg\" class=\"attachment-large size-large wp-image-5802\" alt=\"\" srcset=\"https:\/\/sermujerytrabajo.es\/wp-content\/uploads\/2024\/03\/algorithm-3859549_1280-1024x682.jpg 1024w, https:\/\/sermujerytrabajo.es\/wp-content\/uploads\/2024\/03\/algorithm-3859549_1280-300x200.jpg 300w, https:\/\/sermujerytrabajo.es\/wp-content\/uploads\/2024\/03\/algorithm-3859549_1280-768x512.jpg 768w, https:\/\/sermujerytrabajo.es\/wp-content\/uploads\/2024\/03\/algorithm-3859549_1280-360x240.jpg 360w, https:\/\/sermujerytrabajo.es\/wp-content\/uploads\/2024\/03\/algorithm-3859549_1280.jpg 1280w\" sizes=\"(max-width: 750px) 100vw, 750px\" \/>\t\t\t\t\t\t\t\t\t\t\t\t\t<\/div>\n\t\t\t\t<\/div>\n\t\t\t\t\t<\/div>\n\t\t<\/div>\n\t\t\t\t\t<\/div>\n\t\t<\/section>\n\t\t\t\t<section class=\"elementor-section elementor-top-section elementor-element elementor-element-2b2b728 elementor-section-boxed elementor-section-height-default elementor-section-height-default\" data-id=\"2b2b728\" data-element_type=\"section\">\n\t\t\t\t\t\t<div class=\"elementor-container elementor-column-gap-default\">\n\t\t\t\t\t<div class=\"elementor-column elementor-col-100 elementor-top-column elementor-element elementor-element-5b89943\" data-id=\"5b89943\" data-element_type=\"column\">\n\t\t\t<div class=\"elementor-widget-wrap elementor-element-populated\">\n\t\t\t\t\t\t<div class=\"elementor-element elementor-element-20b2d8a elementor-widget elementor-widget-text-editor\" data-id=\"20b2d8a\" data-element_type=\"widget\" data-widget_type=\"text-editor.default\">\n\t\t\t\t<div class=\"elementor-widget-container\">\n\t\t\t\t\t\t\t<div class=\"elementor-element-overlay\"><\/div>\n<div class=\"elementor-column-wrap elementor-element-populated\">\n<div class=\"elementor-background-overlay\"><\/div>\n<div class=\"elementor-widget-wrap ui-sortable\">\n<div data-id=\"3701e2d\" data-element_type=\"widget\" class=\"elementor-element elementor-element-edit-mode elementor-element-3701e2d elementor-element--toggle-edit-tools elementor-widget elementor-widget-text-editor\" data-model-cid=\"c49\" id=\"\" data-widget_type=\"text-editor.default\">\n<div class=\"elementor-element-overlay\"><\/div>\n<div class=\"elementor-widget-container\">\n<div class=\"elementor-text-editor elementor-clearfix elementor-inline-editing\" data-elementor-setting-key=\"editor\" data-elementor-inline-editing-toolbar=\"advanced\">\n<p><span>La gesti\u00f3n de los algoritmos que utilizan los sistemas de IA a\u00f1aden sesgos de g\u00e9nero que generan discriminaci\u00f3n que afectan de modo especial a las mujeres que son susceptibles de ser v\u00edctimas de discriminaciones m\u00faltiples. Es urgente que las mujeres participen en el dise\u00f1o y aplicaci\u00f3n de los sistemas que se est\u00e1n desarrollando. De otro lado, son especialmente invasivos los sistemas de control del trabajo (geolocalizaci\u00f3n,\u00a0 monitorizaci\u00f3n, biom\u00e9tricos, etc): \u00bfc\u00f3mo repercuten en los derechos fundamentales de las mujeres? \u00bfde forma espec\u00edfica, hay riesgo para el derecho a la imagen, al honor, a la intimidad, a la protecci\u00f3n de datos? \u00bfCu\u00e1les son las respuestas que est\u00e1 adoptando la normativa nacional y europea para fijar l\u00edmites a la IA? EL GRUPO SER MUJER CONTESTAR\u00c1.<\/span><\/p>\n<\/div>\n<\/div>\n<\/div>\n<\/div>\n<\/div>\t\t\t\t\t\t<\/div>\n\t\t\t\t<\/div>\n\t\t\t\t\t<\/div>\n\t\t<\/div>\n\t\t\t\t\t<\/div>\n\t\t<\/section>\n\t\t\t\t<\/div>\n\t\t","protected":false},"excerpt":{"rendered":"<p>Brecha de g\u00e9nero y discriminaci\u00f3n en los modelos de negocio de la econom\u00eda digital La gesti\u00f3n de los algoritmos que utilizan los sistemas de IA a\u00f1aden sesgos de g\u00e9nero que generan discriminaci\u00f3n que afectan de modo especial a las mujeres que son susceptibles de ser v\u00edctimas de discriminaciones m\u00faltiples. Es [&hellip;]<\/p>\n","protected":false},"author":3,"featured_media":0,"parent":0,"menu_order":0,"comment_status":"closed","ping_status":"closed","template":"","meta":{"footnotes":""},"class_list":["post-5865","page","type-page","status-publish","hentry"],"yoast_head":"<!-- This site is optimized with the Yoast SEO plugin v15.2 - https:\/\/yoast.com\/wordpress\/plugins\/seo\/ -->\n<title>\u00c1REA DE ACTUACI\u00d3N SEGUNDA -<\/title>\n<meta name=\"description\" content=\"Proyecto de investigaci\u00f3n I+D \u00abRetos de investigaci\u00f3n\u00bb concedido en el marco del Programa Estatal I+D+i orientada a los Retos de la Sociedad del Ministerio de Ciencia, Innovaci\u00f3n y Universidades (Ref. externa: RTI2018-095398-B-100)\" \/>\n<meta name=\"robots\" content=\"index, follow, max-snippet:-1, max-image-preview:large, max-video-preview:-1\" \/>\n<link rel=\"canonical\" href=\"https:\/\/sermujerytrabajo.es\/?page_id=5865\" \/>\n<meta property=\"og:locale\" content=\"es_ES\" \/>\n<meta property=\"og:type\" content=\"article\" \/>\n<meta property=\"og:title\" content=\"\u00c1REA DE ACTUACI\u00d3N SEGUNDA -\" \/>\n<meta property=\"og:description\" content=\"Proyecto de investigaci\u00f3n I+D \u00abRetos de investigaci\u00f3n\u00bb concedido en el marco del Programa Estatal I+D+i orientada a los Retos de la Sociedad del Ministerio de Ciencia, Innovaci\u00f3n y Universidades (Ref. externa: RTI2018-095398-B-100)\" \/>\n<meta property=\"og:url\" content=\"https:\/\/sermujerytrabajo.es\/?page_id=5865\" \/>\n<meta property=\"article:modified_time\" content=\"2024-04-09T13:11:54+00:00\" \/>\n<meta property=\"og:image\" content=\"https:\/\/sermujerytrabajo.es\/wp-content\/uploads\/2024\/03\/algorithm-3859549_1280-1024x682.jpg\" \/>\n<meta name=\"twitter:card\" content=\"summary_large_image\" \/>\n<meta name=\"twitter:label1\" value=\"Escrito por\">\n\t<meta name=\"twitter:data1\" value=\"Maria Bego\u00f1a Garc\u00eda Gil\">\n\t<meta name=\"twitter:label2\" value=\"Tiempo de lectura\">\n\t<meta name=\"twitter:data2\" value=\"1 minuto\">\n<script type=\"application\/ld+json\" class=\"yoast-schema-graph\">{\"@context\":\"https:\/\/schema.org\",\"@graph\":[{\"@type\":\"Organization\",\"@id\":\"https:\/\/sermujerytrabajo.es\/#organization\",\"name\":\"Ser mujer en el mercado de trabajo\",\"url\":\"https:\/\/sermujerytrabajo.es\/\",\"sameAs\":[],\"logo\":{\"@type\":\"ImageObject\",\"@id\":\"https:\/\/sermujerytrabajo.es\/#logo\",\"inLanguage\":\"es\",\"url\":\"https:\/\/sermujerytrabajo.es\/wp-content\/uploads\/2020\/09\/d134bcc4-4ca2-476c-bef9-f663ae8535d2_200x200.png\",\"width\":200,\"height\":200,\"caption\":\"Ser mujer en el mercado de trabajo\"},\"image\":{\"@id\":\"https:\/\/sermujerytrabajo.es\/#logo\"}},{\"@type\":\"WebSite\",\"@id\":\"https:\/\/sermujerytrabajo.es\/#website\",\"url\":\"https:\/\/sermujerytrabajo.es\/\",\"name\":\"\",\"description\":\"\",\"publisher\":{\"@id\":\"https:\/\/sermujerytrabajo.es\/#organization\"},\"potentialAction\":[{\"@type\":\"SearchAction\",\"target\":\"https:\/\/sermujerytrabajo.es\/?s={search_term_string}\",\"query-input\":\"required name=search_term_string\"}],\"inLanguage\":\"es\"},{\"@type\":\"ImageObject\",\"@id\":\"https:\/\/sermujerytrabajo.es\/?page_id=5865#primaryimage\",\"inLanguage\":\"es\",\"url\":\"https:\/\/sermujerytrabajo.es\/wp-content\/uploads\/2024\/03\/algorithm-3859549_1280.jpg\",\"width\":1280,\"height\":853,\"caption\":\"BRECHA DE G\\u00c9NERO Y DISCRIMINACI\\u00d3N EN LOS MODELOS DE NEGOCIO DE LA ECONOM\\u00cdA DIGITAL\/GENDER GAP AND DISCRIMINATION IN BUSINESS MODELS IN THE DIGITAL ECONOMY\"},{\"@type\":\"WebPage\",\"@id\":\"https:\/\/sermujerytrabajo.es\/?page_id=5865#webpage\",\"url\":\"https:\/\/sermujerytrabajo.es\/?page_id=5865\",\"name\":\"\\u00c1REA DE ACTUACI\\u00d3N SEGUNDA -\",\"isPartOf\":{\"@id\":\"https:\/\/sermujerytrabajo.es\/#website\"},\"primaryImageOfPage\":{\"@id\":\"https:\/\/sermujerytrabajo.es\/?page_id=5865#primaryimage\"},\"datePublished\":\"2024-03-12T11:23:29+00:00\",\"dateModified\":\"2024-04-09T13:11:54+00:00\",\"description\":\"Proyecto de investigaci\\u00f3n I+D \\u00abRetos de investigaci\\u00f3n\\u00bb concedido en el marco del Programa Estatal I+D+i orientada a los Retos de la Sociedad del Ministerio de Ciencia, Innovaci\\u00f3n y Universidades (Ref. externa: RTI2018-095398-B-100)\",\"inLanguage\":\"es\",\"potentialAction\":[{\"@type\":\"ReadAction\",\"target\":[\"https:\/\/sermujerytrabajo.es\/?page_id=5865\"]}]}]}<\/script>\n<!-- \/ Yoast SEO plugin. -->","jetpack_sharing_enabled":true,"_links":{"self":[{"href":"https:\/\/sermujerytrabajo.es\/index.php?rest_route=\/wp\/v2\/pages\/5865","targetHints":{"allow":["GET"]}}],"collection":[{"href":"https:\/\/sermujerytrabajo.es\/index.php?rest_route=\/wp\/v2\/pages"}],"about":[{"href":"https:\/\/sermujerytrabajo.es\/index.php?rest_route=\/wp\/v2\/types\/page"}],"author":[{"embeddable":true,"href":"https:\/\/sermujerytrabajo.es\/index.php?rest_route=\/wp\/v2\/users\/3"}],"replies":[{"embeddable":true,"href":"https:\/\/sermujerytrabajo.es\/index.php?rest_route=%2Fwp%2Fv2%2Fcomments&post=5865"}],"version-history":[{"count":4,"href":"https:\/\/sermujerytrabajo.es\/index.php?rest_route=\/wp\/v2\/pages\/5865\/revisions"}],"predecessor-version":[{"id":6157,"href":"https:\/\/sermujerytrabajo.es\/index.php?rest_route=\/wp\/v2\/pages\/5865\/revisions\/6157"}],"wp:attachment":[{"href":"https:\/\/sermujerytrabajo.es\/index.php?rest_route=%2Fwp%2Fv2%2Fmedia&parent=5865"}],"curies":[{"name":"wp","href":"https:\/\/api.w.org\/{rel}","templated":true}]}}