{"id":6064,"date":"2024-04-03T18:42:38","date_gmt":"2024-04-03T16:42:38","guid":{"rendered":"https:\/\/sermujerytrabajo.es\/?page_id=6064"},"modified":"2025-02-27T18:29:51","modified_gmt":"2025-02-27T16:29:51","slug":"ser-mujer-y-trabajo-en-la-era-digital-buena-2","status":"publish","type":"page","link":"https:\/\/sermujerytrabajo.es\/?page_id=6064","title":{"rendered":"INICIO"},"content":{"rendered":"\t\t<div data-elementor-type=\"wp-page\" data-elementor-id=\"6064\" class=\"elementor elementor-6064\">\n\t\t\t\t\t\t<section class=\"elementor-section elementor-top-section elementor-element elementor-element-e15c0d7 elementor-section-boxed elementor-section-height-default elementor-section-height-default\" data-id=\"e15c0d7\" data-element_type=\"section\">\n\t\t\t\t\t\t<div class=\"elementor-container elementor-column-gap-default\">\n\t\t\t\t\t<div class=\"elementor-column elementor-col-100 elementor-top-column elementor-element elementor-element-f3ec218\" data-id=\"f3ec218\" data-element_type=\"column\">\n\t\t\t<div class=\"elementor-widget-wrap elementor-element-populated\">\n\t\t\t\t\t\t<div class=\"elementor-element elementor-element-4364242 elementor-widget elementor-widget-video\" data-id=\"4364242\" data-element_type=\"widget\" data-settings=\"{&quot;youtube_url&quot;:&quot;https:\\\/\\\/youtu.be\\\/ria6iDRHXaI&quot;,&quot;video_type&quot;:&quot;youtube&quot;,&quot;controls&quot;:&quot;yes&quot;}\" data-widget_type=\"video.default\">\n\t\t\t\t<div class=\"elementor-widget-container\">\n\t\t\t\t\t<div class=\"elementor-wrapper elementor-open-inline\">\n\t\t\t<div class=\"elementor-video\"><\/div>\t\t<\/div>\n\t\t\t\t<\/div>\n\t\t\t\t<\/div>\n\t\t\t\t<div class=\"elementor-element elementor-element-4e9e186 elementor-widget elementor-widget-heading\" data-id=\"4e9e186\" data-element_type=\"widget\" data-widget_type=\"heading.default\">\n\t\t\t\t<div class=\"elementor-widget-container\">\n\t\t\t<h2 class=\"elementor-heading-title elementor-size-default\"><br>\u00c1reas de Actuaci\u00f3n<br><\/h2>\t\t<\/div>\n\t\t\t\t<\/div>\n\t\t\t\t<div class=\"elementor-element elementor-element-c30b01a animated-fast elementor-arrows-position-inside elementor-pagination-position-outside elementor-invisible elementor-widget elementor-widget-image-carousel\" data-id=\"c30b01a\" data-element_type=\"widget\" data-settings=\"{&quot;_animation&quot;:&quot;fadeInUp&quot;,&quot;navigation&quot;:&quot;both&quot;,&quot;autoplay&quot;:&quot;yes&quot;,&quot;pause_on_hover&quot;:&quot;yes&quot;,&quot;pause_on_interaction&quot;:&quot;yes&quot;,&quot;autoplay_speed&quot;:5000,&quot;infinite&quot;:&quot;yes&quot;,&quot;speed&quot;:500}\" data-widget_type=\"image-carousel.default\">\n\t\t\t\t<div class=\"elementor-widget-container\">\n\t\t\t\t\t<div class=\"elementor-image-carousel-wrapper swiper\" dir=\"ltr\">\n\t\t\t<div class=\"elementor-image-carousel swiper-wrapper\" aria-live=\"off\">\n\t\t\t\t\t\t\t\t<div class=\"swiper-slide\" role=\"group\" aria-roledescription=\"slide\" aria-label=\"1 de 5\"><figure class=\"swiper-slide-inner\"><img decoding=\"async\" class=\"swiper-slide-image\" src=\"https:\/\/sermujerytrabajo.es\/wp-content\/uploads\/2024\/03\/iStock-1214298505-768x512.jpg\" alt=\"BRECHA DE G\u00c9NERO EN EL ACCESO, FORMACI\u00d3N DE HERRAMIENTAS DIGITALES Y PROFESIONALES EN TIC\/GENDER GAP IN ACCESS, TRAINING OF DIGITAL TOOLS AND ICT PROFESSIONALS\" \/><figcaption class=\"elementor-image-carousel-caption\">BRECHA DE G\u00c9NERO EN EL ACCESO, FORMACI\u00d3N DE HERRAMIENTAS DIGITALES Y PROFESIONALES EN TIC\/GENDER GAP IN ACCESS, TRAINING OF DIGITAL TOOLS AND ICT PROFESSIONALS<\/figcaption><\/figure><\/div><div class=\"swiper-slide\" role=\"group\" aria-roledescription=\"slide\" aria-label=\"2 de 5\"><figure class=\"swiper-slide-inner\"><img decoding=\"async\" class=\"swiper-slide-image\" src=\"https:\/\/sermujerytrabajo.es\/wp-content\/uploads\/2024\/03\/algorithm-3859549_1280-768x512.jpg\" alt=\"BRECHA DE G\u00c9NERO Y DISCRIMINACI\u00d3N EN LOS MODELOS DE NEGOCIO DE LA ECONOM\u00cdA DIGITAL\/GENDER GAP AND DISCRIMINATION IN BUSINESS MODELS IN THE DIGITAL ECONOMY\" \/><figcaption class=\"elementor-image-carousel-caption\">BRECHA DE G\u00c9NERO Y DISCRIMINACI\u00d3N EN LOS MODELOS DE NEGOCIO DE LA ECONOM\u00cdA DIGITAL\/GENDER GAP AND DISCRIMINATION IN BUSINESS MODELS IN THE DIGITAL ECONOMY<\/figcaption><\/figure><\/div><div class=\"swiper-slide\" role=\"group\" aria-roledescription=\"slide\" aria-label=\"3 de 5\"><figure class=\"swiper-slide-inner\"><img decoding=\"async\" class=\"swiper-slide-image\" src=\"https:\/\/sermujerytrabajo.es\/wp-content\/uploads\/2024\/03\/iStock-1472258677-768x461.jpg\" alt=\"TRANSFORMACI\u00d3N DIGITAL Y CUIDADOS DE LARGA DURACI\u00d3N\/DIGITAL TRANSFORMATION AND LONG-TERM CARE\" \/><figcaption class=\"elementor-image-carousel-caption\">TRANSFORMACI\u00d3N DIGITAL Y CUIDADOS DE LARGA DURACI\u00d3N\/DIGITAL TRANSFORMATION AND LONG-TERM CARE<\/figcaption><\/figure><\/div><div class=\"swiper-slide\" role=\"group\" aria-roledescription=\"slide\" aria-label=\"4 de 5\"><figure class=\"swiper-slide-inner\"><img decoding=\"async\" class=\"swiper-slide-image\" src=\"https:\/\/sermujerytrabajo.es\/wp-content\/uploads\/2024\/03\/student-849826_1280-768x512.jpg\" alt=\"TELETRABAJO, DESCONEXI\u00d3N DIGITAL Y CONCILIACI\u00d3N DE RESPONSABILIDADES\/TELEWORKING, DIGITAL DISCONNECTION AND RECONCILIATION OF RESPONSIBILITIES\" \/><figcaption class=\"elementor-image-carousel-caption\">TELETRABAJO, DESCONEXI\u00d3N DIGITAL Y CONCILIACI\u00d3N DE RESPONSABILIDADES\/TELEWORKING, DIGITAL DISCONNECTION AND RECONCILIATION OF RESPONSIBILITIES<\/figcaption><\/figure><\/div><div class=\"swiper-slide\" role=\"group\" aria-roledescription=\"slide\" aria-label=\"5 de 5\"><figure class=\"swiper-slide-inner\"><img decoding=\"async\" class=\"swiper-slide-image\" src=\"https:\/\/sermujerytrabajo.es\/wp-content\/uploads\/2024\/03\/thumbnail_image-1-768x424.png\" alt=\"VIOLENCIAS FRENTE A LA MUJER EN EL ENTORNO TECNOL\u00d3GICO\/VIOLENCE AGAINST WOMEN IN THE TECHNOLOGICAL ENVIRONMENT\" \/><figcaption class=\"elementor-image-carousel-caption\">VIOLENCIAS FRENTE A LA MUJER EN EL ENTORNO TECNOL\u00d3GICO\/VIOLENCE AGAINST WOMEN IN THE TECHNOLOGICAL ENVIRONMENT<\/figcaption><\/figure><\/div>\t\t\t<\/div>\n\t\t\t\t\t\t\t\t\t\t\t\t<div class=\"elementor-swiper-button elementor-swiper-button-prev\" role=\"button\" tabindex=\"0\">\n\t\t\t\t\t\t<i aria-hidden=\"true\" class=\"eicon-chevron-left\"><\/i>\t\t\t\t\t<\/div>\n\t\t\t\t\t<div class=\"elementor-swiper-button elementor-swiper-button-next\" role=\"button\" tabindex=\"0\">\n\t\t\t\t\t\t<i aria-hidden=\"true\" class=\"eicon-chevron-right\"><\/i>\t\t\t\t\t<\/div>\n\t\t\t\t\n\t\t\t\t\t\t\t\t\t<div class=\"swiper-pagination\"><\/div>\n\t\t\t\t\t\t\t\t\t<\/div>\n\t\t\t\t<\/div>\n\t\t\t\t<\/div>\n\t\t\t\t\t<\/div>\n\t\t<\/div>\n\t\t\t\t\t<\/div>\n\t\t<\/section>\n\t\t\t\t<section class=\"elementor-section elementor-top-section elementor-element elementor-element-1ca613e elementor-section-boxed elementor-section-height-default elementor-section-height-default\" data-id=\"1ca613e\" data-element_type=\"section\">\n\t\t\t\t\t\t<div class=\"elementor-container elementor-column-gap-default\">\n\t\t\t\t\t<div class=\"elementor-column elementor-col-100 elementor-top-column elementor-element elementor-element-3453c00\" data-id=\"3453c00\" data-element_type=\"column\">\n\t\t\t<div class=\"elementor-widget-wrap elementor-element-populated\">\n\t\t\t\t\t\t<div class=\"elementor-element elementor-element-2228e81 elementor-widget elementor-widget-video\" data-id=\"2228e81\" data-element_type=\"widget\" data-settings=\"{&quot;youtube_url&quot;:&quot;https:\\\/\\\/youtu.be\\\/ria6iDRHXaI&quot;,&quot;video_type&quot;:&quot;youtube&quot;,&quot;controls&quot;:&quot;yes&quot;}\" data-widget_type=\"video.default\">\n\t\t\t\t<div class=\"elementor-widget-container\">\n\t\t\t\t\t<div class=\"elementor-wrapper elementor-open-inline\">\n\t\t\t<div class=\"elementor-video\"><\/div>\t\t<\/div>\n\t\t\t\t<\/div>\n\t\t\t\t<\/div>\n\t\t\t\t<div class=\"elementor-element elementor-element-6fe3b8f elementor-widget elementor-widget-heading\" data-id=\"6fe3b8f\" data-element_type=\"widget\" data-widget_type=\"heading.default\">\n\t\t\t\t<div class=\"elementor-widget-container\">\n\t\t\t<h2 class=\"elementor-heading-title elementor-size-default\"><br>\u00c1reas de Actuaci\u00f3n<br><\/h2>\t\t<\/div>\n\t\t\t\t<\/div>\n\t\t\t\t<div class=\"elementor-element elementor-element-fae8f36 animated-fast elementor-arrows-position-inside elementor-pagination-position-outside elementor-invisible elementor-widget elementor-widget-image-carousel\" data-id=\"fae8f36\" data-element_type=\"widget\" data-settings=\"{&quot;_animation&quot;:&quot;fadeInUp&quot;,&quot;navigation&quot;:&quot;both&quot;,&quot;autoplay&quot;:&quot;yes&quot;,&quot;pause_on_hover&quot;:&quot;yes&quot;,&quot;pause_on_interaction&quot;:&quot;yes&quot;,&quot;autoplay_speed&quot;:5000,&quot;infinite&quot;:&quot;yes&quot;,&quot;speed&quot;:500}\" data-widget_type=\"image-carousel.default\">\n\t\t\t\t<div class=\"elementor-widget-container\">\n\t\t\t\t\t<div class=\"elementor-image-carousel-wrapper swiper\" dir=\"ltr\">\n\t\t\t<div class=\"elementor-image-carousel swiper-wrapper\" aria-live=\"off\">\n\t\t\t\t\t\t\t\t<div class=\"swiper-slide\" role=\"group\" aria-roledescription=\"slide\" aria-label=\"1 de 5\"><figure class=\"swiper-slide-inner\"><img decoding=\"async\" class=\"swiper-slide-image\" src=\"https:\/\/sermujerytrabajo.es\/wp-content\/uploads\/2024\/03\/iStock-1214298505-768x512.jpg\" alt=\"BRECHA DE G\u00c9NERO EN EL ACCESO, FORMACI\u00d3N DE HERRAMIENTAS DIGITALES Y PROFESIONALES EN TIC\/GENDER GAP IN ACCESS, TRAINING OF DIGITAL TOOLS AND ICT PROFESSIONALS\" \/><figcaption class=\"elementor-image-carousel-caption\">BRECHA DE G\u00c9NERO EN EL ACCESO, FORMACI\u00d3N DE HERRAMIENTAS DIGITALES Y PROFESIONALES EN TIC\/GENDER GAP IN ACCESS, TRAINING OF DIGITAL TOOLS AND ICT PROFESSIONALS<\/figcaption><\/figure><\/div><div class=\"swiper-slide\" role=\"group\" aria-roledescription=\"slide\" aria-label=\"2 de 5\"><figure class=\"swiper-slide-inner\"><img decoding=\"async\" class=\"swiper-slide-image\" src=\"https:\/\/sermujerytrabajo.es\/wp-content\/uploads\/2024\/03\/algorithm-3859549_1280-768x512.jpg\" alt=\"BRECHA DE G\u00c9NERO Y DISCRIMINACI\u00d3N EN LOS MODELOS DE NEGOCIO DE LA ECONOM\u00cdA DIGITAL\/GENDER GAP AND DISCRIMINATION IN BUSINESS MODELS IN THE DIGITAL ECONOMY\" \/><figcaption class=\"elementor-image-carousel-caption\">BRECHA DE G\u00c9NERO Y DISCRIMINACI\u00d3N EN LOS MODELOS DE NEGOCIO DE LA ECONOM\u00cdA DIGITAL\/GENDER GAP AND DISCRIMINATION IN BUSINESS MODELS IN THE DIGITAL ECONOMY<\/figcaption><\/figure><\/div><div class=\"swiper-slide\" role=\"group\" aria-roledescription=\"slide\" aria-label=\"3 de 5\"><figure class=\"swiper-slide-inner\"><img decoding=\"async\" class=\"swiper-slide-image\" src=\"https:\/\/sermujerytrabajo.es\/wp-content\/uploads\/2024\/03\/iStock-1472258677-768x461.jpg\" alt=\"TRANSFORMACI\u00d3N DIGITAL Y CUIDADOS DE LARGA DURACI\u00d3N\/DIGITAL TRANSFORMATION AND LONG-TERM CARE\" \/><figcaption class=\"elementor-image-carousel-caption\">TRANSFORMACI\u00d3N DIGITAL Y CUIDADOS DE LARGA DURACI\u00d3N\/DIGITAL TRANSFORMATION AND LONG-TERM CARE<\/figcaption><\/figure><\/div><div class=\"swiper-slide\" role=\"group\" aria-roledescription=\"slide\" aria-label=\"4 de 5\"><figure class=\"swiper-slide-inner\"><img decoding=\"async\" class=\"swiper-slide-image\" src=\"https:\/\/sermujerytrabajo.es\/wp-content\/uploads\/2024\/03\/student-849826_1280-768x512.jpg\" alt=\"TELETRABAJO, DESCONEXI\u00d3N DIGITAL Y CONCILIACI\u00d3N DE RESPONSABILIDADES\/TELEWORKING, DIGITAL DISCONNECTION AND RECONCILIATION OF RESPONSIBILITIES\" \/><figcaption class=\"elementor-image-carousel-caption\">TELETRABAJO, DESCONEXI\u00d3N DIGITAL Y CONCILIACI\u00d3N DE RESPONSABILIDADES\/TELEWORKING, DIGITAL DISCONNECTION AND RECONCILIATION OF RESPONSIBILITIES<\/figcaption><\/figure><\/div><div class=\"swiper-slide\" role=\"group\" aria-roledescription=\"slide\" aria-label=\"5 de 5\"><figure class=\"swiper-slide-inner\"><img decoding=\"async\" class=\"swiper-slide-image\" src=\"https:\/\/sermujerytrabajo.es\/wp-content\/uploads\/2024\/03\/thumbnail_image-1-768x424.png\" alt=\"VIOLENCIAS FRENTE A LA MUJER EN EL ENTORNO TECNOL\u00d3GICO\/VIOLENCE AGAINST WOMEN IN THE TECHNOLOGICAL ENVIRONMENT\" \/><figcaption class=\"elementor-image-carousel-caption\">VIOLENCIAS FRENTE A LA MUJER EN EL ENTORNO TECNOL\u00d3GICO\/VIOLENCE AGAINST WOMEN IN THE TECHNOLOGICAL ENVIRONMENT<\/figcaption><\/figure><\/div>\t\t\t<\/div>\n\t\t\t\t\t\t\t\t\t\t\t\t<div class=\"elementor-swiper-button elementor-swiper-button-prev\" role=\"button\" tabindex=\"0\">\n\t\t\t\t\t\t<i aria-hidden=\"true\" class=\"eicon-chevron-left\"><\/i>\t\t\t\t\t<\/div>\n\t\t\t\t\t<div class=\"elementor-swiper-button elementor-swiper-button-next\" role=\"button\" tabindex=\"0\">\n\t\t\t\t\t\t<i aria-hidden=\"true\" class=\"eicon-chevron-right\"><\/i>\t\t\t\t\t<\/div>\n\t\t\t\t\n\t\t\t\t\t\t\t\t\t<div class=\"swiper-pagination\"><\/div>\n\t\t\t\t\t\t\t\t\t<\/div>\n\t\t\t\t<\/div>\n\t\t\t\t<\/div>\n\t\t\t\t\t<\/div>\n\t\t<\/div>\n\t\t\t\t\t<\/div>\n\t\t<\/section>\n\t\t\t\t<section class=\"elementor-section elementor-top-section elementor-element elementor-element-feb942d elementor-section-content-middle elementor-section-boxed elementor-section-height-default elementor-section-height-default\" data-id=\"feb942d\" data-element_type=\"section\">\n\t\t\t\t\t\t<div class=\"elementor-container elementor-column-gap-default\">\n\t\t\t\t\t<div class=\"elementor-column elementor-col-50 elementor-top-column elementor-element elementor-element-363687c\" data-id=\"363687c\" data-element_type=\"column\">\n\t\t\t<div class=\"elementor-widget-wrap elementor-element-populated\">\n\t\t\t\t\t\t<div class=\"elementor-element elementor-element-d055757 elementor-widget elementor-widget-heading\" data-id=\"d055757\" data-element_type=\"widget\" data-widget_type=\"heading.default\">\n\t\t\t\t<div class=\"elementor-widget-container\">\n\t\t\t<h4 class=\"elementor-heading-title elementor-size-default\">Mujeres que lideran la digitalizaci\u00f3n<\/h4>\t\t<\/div>\n\t\t\t\t<\/div>\n\t\t\t\t<div class=\"elementor-element elementor-element-25dc68d elementor-widget elementor-widget-video\" data-id=\"25dc68d\" data-element_type=\"widget\" data-settings=\"{&quot;youtube_url&quot;:&quot;https:\\\/\\\/youtu.be\\\/5jcrFn3LeQI&quot;,&quot;video_type&quot;:&quot;youtube&quot;,&quot;controls&quot;:&quot;yes&quot;}\" data-widget_type=\"video.default\">\n\t\t\t\t<div class=\"elementor-widget-container\">\n\t\t\t\t\t<div class=\"elementor-wrapper elementor-open-inline\">\n\t\t\t<div class=\"elementor-video\"><\/div>\t\t<\/div>\n\t\t\t\t<\/div>\n\t\t\t\t<\/div>\n\t\t\t\t\t<\/div>\n\t\t<\/div>\n\t\t\t\t<div class=\"elementor-column elementor-col-50 elementor-top-column elementor-element elementor-element-c1d8c81\" data-id=\"c1d8c81\" data-element_type=\"column\">\n\t\t\t<div class=\"elementor-widget-wrap elementor-element-populated\">\n\t\t\t\t\t\t<div class=\"elementor-element elementor-element-0d60e94 elementor-widget elementor-widget-image\" data-id=\"0d60e94\" data-element_type=\"widget\" data-widget_type=\"image.default\">\n\t\t\t\t<div class=\"elementor-widget-container\">\n\t\t\t\t\t\t\t\t\t\t\t\t\t<img decoding=\"async\" width=\"300\" height=\"116\" src=\"https:\/\/sermujerytrabajo.es\/wp-content\/uploads\/2024\/03\/URJ_logo_Color_POS-300x116.jpg\" class=\"attachment-medium size-medium wp-image-5987\" alt=\"\" srcset=\"https:\/\/sermujerytrabajo.es\/wp-content\/uploads\/2024\/03\/URJ_logo_Color_POS-300x116.jpg 300w, https:\/\/sermujerytrabajo.es\/wp-content\/uploads\/2024\/03\/URJ_logo_Color_POS-1024x396.jpg 1024w, https:\/\/sermujerytrabajo.es\/wp-content\/uploads\/2024\/03\/URJ_logo_Color_POS-768x297.jpg 768w, https:\/\/sermujerytrabajo.es\/wp-content\/uploads\/2024\/03\/URJ_logo_Color_POS.jpg 1492w\" sizes=\"(max-width: 300px) 100vw, 300px\" \/>\t\t\t\t\t\t\t\t\t\t\t\t\t<\/div>\n\t\t\t\t<\/div>\n\t\t\t\t<div class=\"elementor-element elementor-element-ba8ad9e elementor-widget elementor-widget-image\" data-id=\"ba8ad9e\" data-element_type=\"widget\" data-widget_type=\"image.default\">\n\t\t\t\t<div class=\"elementor-widget-container\">\n\t\t\t\t\t\t\t\t\t\t\t\t\t<img fetchpriority=\"high\" decoding=\"async\" width=\"474\" height=\"123\" src=\"https:\/\/sermujerytrabajo.es\/wp-content\/uploads\/2025\/01\/ministerio-universidades.jpg\" class=\"attachment-large size-large wp-image-7070\" alt=\"\" srcset=\"https:\/\/sermujerytrabajo.es\/wp-content\/uploads\/2025\/01\/ministerio-universidades.jpg 474w, https:\/\/sermujerytrabajo.es\/wp-content\/uploads\/2025\/01\/ministerio-universidades-300x78.jpg 300w\" sizes=\"(max-width: 474px) 100vw, 474px\" \/>\t\t\t\t\t\t\t\t\t\t\t\t\t<\/div>\n\t\t\t\t<\/div>\n\t\t\t\t<div class=\"elementor-element elementor-element-a421cdb elementor-button-danger elementor-align-center elementor-widget elementor-widget-button\" data-id=\"a421cdb\" data-element_type=\"widget\" data-widget_type=\"button.default\">\n\t\t\t\t<div class=\"elementor-widget-container\">\n\t\t\t\t\t<div class=\"elementor-button-wrapper\">\n\t\t\t<a class=\"elementor-button elementor-button-link elementor-size-lg\" href=\"https:\/\/sermujerytrabajo.es\/?page_id=5821\">\n\t\t\t\t\t\t<span class=\"elementor-button-content-wrapper\">\n\t\t\t\t\t\t<span class=\"elementor-button-icon\">\n\t\t\t\t<i aria-hidden=\"true\" class=\"fab fa-contao\"><\/i>\t\t\t<\/span>\n\t\t\t\t\t\t\t\t\t<span class=\"elementor-button-text\">CONTACTA CON NOSOTROS<\/span>\n\t\t\t\t\t<\/span>\n\t\t\t\t\t<\/a>\n\t\t<\/div>\n\t\t\t\t<\/div>\n\t\t\t\t<\/div>\n\t\t\t\t\t<\/div>\n\t\t<\/div>\n\t\t\t\t\t<\/div>\n\t\t<\/section>\n\t\t\t\t<section class=\"elementor-section elementor-top-section elementor-element elementor-element-2edb374 elementor-section-boxed elementor-section-height-default elementor-section-height-default\" data-id=\"2edb374\" data-element_type=\"section\">\n\t\t\t\t\t\t<div class=\"elementor-container elementor-column-gap-default\">\n\t\t\t\t\t<div class=\"elementor-column elementor-col-100 elementor-top-column elementor-element elementor-element-876a4f1\" data-id=\"876a4f1\" data-element_type=\"column\">\n\t\t\t<div class=\"elementor-widget-wrap\">\n\t\t\t\t\t\t\t<\/div>\n\t\t<\/div>\n\t\t\t\t\t<\/div>\n\t\t<\/section>\n\t\t\t\t<section class=\"elementor-section elementor-top-section elementor-element elementor-element-39c4154 elementor-section-boxed elementor-section-height-default elementor-section-height-default\" data-id=\"39c4154\" data-element_type=\"section\">\n\t\t\t\t\t\t<div class=\"elementor-container elementor-column-gap-default\">\n\t\t\t\t\t<div class=\"elementor-column elementor-col-100 elementor-top-column elementor-element elementor-element-beddcf3\" data-id=\"beddcf3\" data-element_type=\"column\">\n\t\t\t<div class=\"elementor-widget-wrap\">\n\t\t\t\t\t\t\t<\/div>\n\t\t<\/div>\n\t\t\t\t\t<\/div>\n\t\t<\/section>\n\t\t\t\t<section class=\"elementor-section elementor-top-section elementor-element elementor-element-b24ae8a elementor-section-boxed elementor-section-height-default elementor-section-height-default\" data-id=\"b24ae8a\" data-element_type=\"section\">\n\t\t\t\t\t\t<div class=\"elementor-container elementor-column-gap-default\">\n\t\t\t\t\t<div class=\"elementor-column elementor-col-100 elementor-top-column elementor-element elementor-element-fe01499\" data-id=\"fe01499\" data-element_type=\"column\">\n\t\t\t<div class=\"elementor-widget-wrap\">\n\t\t\t\t\t\t\t<\/div>\n\t\t<\/div>\n\t\t\t\t\t<\/div>\n\t\t<\/section>\n\t\t\t\t<\/div>\n\t\t","protected":false},"excerpt":{"rendered":"<p>\u00c1reas de Actuaci\u00f3n BRECHA DE G\u00c9NERO EN EL ACCESO, FORMACI\u00d3N DE HERRAMIENTAS DIGITALES Y PROFESIONALES EN TIC\/GENDER GAP IN ACCESS, TRAINING OF DIGITAL TOOLS AND ICT PROFESSIONALS BRECHA DE G\u00c9NERO Y DISCRIMINACI\u00d3N EN LOS MODELOS DE NEGOCIO DE LA ECONOM\u00cdA DIGITAL\/GENDER GAP AND DISCRIMINATION IN BUSINESS MODELS IN THE DIGITAL [&hellip;]<\/p>\n","protected":false},"author":3,"featured_media":0,"parent":0,"menu_order":0,"comment_status":"closed","ping_status":"closed","template":"","meta":{"footnotes":""},"class_list":["post-6064","page","type-page","status-publish","hentry"],"yoast_head":"<!-- This site is optimized with the Yoast SEO plugin v15.2 - https:\/\/yoast.com\/wordpress\/plugins\/seo\/ -->\n<title>INICIO -<\/title>\n<meta name=\"description\" content=\"Proyecto de investigaci\u00f3n I+D \u00abRetos de investigaci\u00f3n\u00bb concedido en el marco del Programa Estatal I+D+i orientada a los Retos de la Sociedad del Ministerio de Ciencia, Innovaci\u00f3n y Universidades (Ref. externa: RTI2018-095398-B-100)\" \/>\n<meta name=\"robots\" content=\"index, follow, max-snippet:-1, max-image-preview:large, max-video-preview:-1\" \/>\n<link rel=\"canonical\" href=\"https:\/\/sermujerytrabajo.es\/?page_id=6064\" \/>\n<meta property=\"og:locale\" content=\"es_ES\" \/>\n<meta property=\"og:type\" content=\"article\" \/>\n<meta property=\"og:title\" content=\"INICIO -\" \/>\n<meta property=\"og:description\" content=\"Proyecto de investigaci\u00f3n I+D \u00abRetos de investigaci\u00f3n\u00bb concedido en el marco del Programa Estatal I+D+i orientada a los Retos de la Sociedad del Ministerio de Ciencia, Innovaci\u00f3n y Universidades (Ref. externa: RTI2018-095398-B-100)\" \/>\n<meta property=\"og:url\" content=\"https:\/\/sermujerytrabajo.es\/?page_id=6064\" \/>\n<meta property=\"article:modified_time\" content=\"2025-02-27T16:29:51+00:00\" \/>\n<meta property=\"og:image\" content=\"https:\/\/sermujerytrabajo.es\/wp-content\/uploads\/2024\/03\/iStock-1214298505-768x512.jpg\" \/>\n<meta name=\"twitter:card\" content=\"summary_large_image\" \/>\n<meta name=\"twitter:label1\" value=\"Escrito por\">\n\t<meta name=\"twitter:data1\" value=\"Maria Bego\u00f1a Garc\u00eda Gil\">\n\t<meta name=\"twitter:label2\" value=\"Tiempo de lectura\">\n\t<meta name=\"twitter:data2\" value=\"1 minuto\">\n<script type=\"application\/ld+json\" class=\"yoast-schema-graph\">{\"@context\":\"https:\/\/schema.org\",\"@graph\":[{\"@type\":\"Organization\",\"@id\":\"https:\/\/sermujerytrabajo.es\/#organization\",\"name\":\"Ser mujer en el mercado de trabajo\",\"url\":\"https:\/\/sermujerytrabajo.es\/\",\"sameAs\":[],\"logo\":{\"@type\":\"ImageObject\",\"@id\":\"https:\/\/sermujerytrabajo.es\/#logo\",\"inLanguage\":\"es\",\"url\":\"https:\/\/sermujerytrabajo.es\/wp-content\/uploads\/2020\/09\/d134bcc4-4ca2-476c-bef9-f663ae8535d2_200x200.png\",\"width\":200,\"height\":200,\"caption\":\"Ser mujer en el mercado de trabajo\"},\"image\":{\"@id\":\"https:\/\/sermujerytrabajo.es\/#logo\"}},{\"@type\":\"WebSite\",\"@id\":\"https:\/\/sermujerytrabajo.es\/#website\",\"url\":\"https:\/\/sermujerytrabajo.es\/\",\"name\":\"\",\"description\":\"\",\"publisher\":{\"@id\":\"https:\/\/sermujerytrabajo.es\/#organization\"},\"potentialAction\":[{\"@type\":\"SearchAction\",\"target\":\"https:\/\/sermujerytrabajo.es\/?s={search_term_string}\",\"query-input\":\"required name=search_term_string\"}],\"inLanguage\":\"es\"},{\"@type\":\"ImageObject\",\"@id\":\"https:\/\/sermujerytrabajo.es\/?page_id=6064#primaryimage\",\"inLanguage\":\"es\",\"url\":\"https:\/\/sermujerytrabajo.es\/wp-content\/uploads\/2024\/03\/iStock-1214298505-768x512.jpg\"},{\"@type\":\"WebPage\",\"@id\":\"https:\/\/sermujerytrabajo.es\/?page_id=6064#webpage\",\"url\":\"https:\/\/sermujerytrabajo.es\/?page_id=6064\",\"name\":\"INICIO -\",\"isPartOf\":{\"@id\":\"https:\/\/sermujerytrabajo.es\/#website\"},\"primaryImageOfPage\":{\"@id\":\"https:\/\/sermujerytrabajo.es\/?page_id=6064#primaryimage\"},\"datePublished\":\"2024-04-03T16:42:38+00:00\",\"dateModified\":\"2025-02-27T16:29:51+00:00\",\"description\":\"Proyecto de investigaci\\u00f3n I+D \\u00abRetos de investigaci\\u00f3n\\u00bb concedido en el marco del Programa Estatal I+D+i orientada a los Retos de la Sociedad del Ministerio de Ciencia, Innovaci\\u00f3n y Universidades (Ref. externa: RTI2018-095398-B-100)\",\"inLanguage\":\"es\",\"potentialAction\":[{\"@type\":\"ReadAction\",\"target\":[\"https:\/\/sermujerytrabajo.es\/?page_id=6064\"]}]}]}<\/script>\n<!-- \/ Yoast SEO plugin. -->","jetpack_sharing_enabled":true,"_links":{"self":[{"href":"https:\/\/sermujerytrabajo.es\/index.php?rest_route=\/wp\/v2\/pages\/6064","targetHints":{"allow":["GET"]}}],"collection":[{"href":"https:\/\/sermujerytrabajo.es\/index.php?rest_route=\/wp\/v2\/pages"}],"about":[{"href":"https:\/\/sermujerytrabajo.es\/index.php?rest_route=\/wp\/v2\/types\/page"}],"author":[{"embeddable":true,"href":"https:\/\/sermujerytrabajo.es\/index.php?rest_route=\/wp\/v2\/users\/3"}],"replies":[{"embeddable":true,"href":"https:\/\/sermujerytrabajo.es\/index.php?rest_route=%2Fwp%2Fv2%2Fcomments&post=6064"}],"version-history":[{"count":42,"href":"https:\/\/sermujerytrabajo.es\/index.php?rest_route=\/wp\/v2\/pages\/6064\/revisions"}],"predecessor-version":[{"id":7368,"href":"https:\/\/sermujerytrabajo.es\/index.php?rest_route=\/wp\/v2\/pages\/6064\/revisions\/7368"}],"wp:attachment":[{"href":"https:\/\/sermujerytrabajo.es\/index.php?rest_route=%2Fwp%2Fv2%2Fmedia&parent=6064"}],"curies":[{"name":"wp","href":"https:\/\/api.w.org\/{rel}","templated":true}]}}