{"id":6436,"date":"2024-09-06T10:31:28","date_gmt":"2024-09-06T08:31:28","guid":{"rendered":"https:\/\/sermujerytrabajo.es\/?page_id=6436"},"modified":"2026-05-07T08:58:52","modified_gmt":"2026-05-07T06:58:52","slug":"inicio","status":"publish","type":"page","link":"https:\/\/sermujerytrabajo.es\/","title":{"rendered":"INICIO"},"content":{"rendered":"\t\t<div data-elementor-type=\"wp-page\" data-elementor-id=\"6436\" class=\"elementor elementor-6436\">\n\t\t\t\t\t\t<section class=\"elementor-section elementor-top-section elementor-element elementor-element-cd4e13c elementor-section-boxed elementor-section-height-default elementor-section-height-default\" data-id=\"cd4e13c\" data-element_type=\"section\" data-settings=\"{&quot;background_background&quot;:&quot;classic&quot;}\">\n\t\t\t\t\t\t\t<div class=\"elementor-background-overlay\"><\/div>\n\t\t\t\t\t\t\t<div class=\"elementor-container elementor-column-gap-default\">\n\t\t\t\t\t<div class=\"elementor-column elementor-col-100 elementor-top-column elementor-element elementor-element-789de89\" data-id=\"789de89\" data-element_type=\"column\">\n\t\t\t<div class=\"elementor-widget-wrap elementor-element-populated\">\n\t\t\t\t\t\t<div class=\"elementor-element elementor-element-fc7a069 elementor-widget elementor-widget-video\" data-id=\"fc7a069\" data-element_type=\"widget\" data-settings=\"{&quot;youtube_url&quot;:&quot;https:\\\/\\\/youtu.be\\\/ria6iDRHXaI&quot;,&quot;video_type&quot;:&quot;youtube&quot;,&quot;controls&quot;:&quot;yes&quot;}\" data-widget_type=\"video.default\">\n\t\t\t\t<div class=\"elementor-widget-container\">\n\t\t\t\t\t<div class=\"elementor-wrapper elementor-open-inline\">\n\t\t\t<div class=\"elementor-video\"><\/div>\t\t<\/div>\n\t\t\t\t<\/div>\n\t\t\t\t<\/div>\n\t\t\t\t<div class=\"elementor-element elementor-element-49b3c59 elementor-widget elementor-widget-heading\" data-id=\"49b3c59\" data-element_type=\"widget\" data-widget_type=\"heading.default\">\n\t\t\t\t<div class=\"elementor-widget-container\">\n\t\t\t<h2 class=\"elementor-heading-title elementor-size-default\"><br>\u00c1reas de Actuaci\u00f3n<br>Objectives<\/h2>\t\t<\/div>\n\t\t\t\t<\/div>\n\t\t\t\t<div class=\"elementor-element elementor-element-8db0d07 animated-fast elementor-arrows-position-inside elementor-pagination-position-outside elementor-invisible elementor-widget elementor-widget-image-carousel\" data-id=\"8db0d07\" data-element_type=\"widget\" data-settings=\"{&quot;_animation&quot;:&quot;fadeInUp&quot;,&quot;navigation&quot;:&quot;both&quot;,&quot;autoplay&quot;:&quot;yes&quot;,&quot;pause_on_hover&quot;:&quot;yes&quot;,&quot;pause_on_interaction&quot;:&quot;yes&quot;,&quot;autoplay_speed&quot;:5000,&quot;infinite&quot;:&quot;yes&quot;,&quot;speed&quot;:500}\" data-widget_type=\"image-carousel.default\">\n\t\t\t\t<div class=\"elementor-widget-container\">\n\t\t\t\t\t<div class=\"elementor-image-carousel-wrapper swiper\" dir=\"ltr\">\n\t\t\t<div class=\"elementor-image-carousel swiper-wrapper\" aria-live=\"off\">\n\t\t\t\t\t\t\t\t<div class=\"swiper-slide\" role=\"group\" aria-roledescription=\"slide\" aria-label=\"1 de 5\"><figure class=\"swiper-slide-inner\"><img decoding=\"async\" class=\"swiper-slide-image\" src=\"https:\/\/sermujerytrabajo.es\/wp-content\/uploads\/2024\/03\/iStock-1214298505-768x512.jpg\" alt=\"BRECHA DE G\u00c9NERO EN EL ACCESO, FORMACI\u00d3N DE HERRAMIENTAS DIGITALES Y PROFESIONALES EN TIC\/GENDER GAP IN ACCESS, TRAINING OF DIGITAL TOOLS AND ICT PROFESSIONALS\" \/><figcaption class=\"elementor-image-carousel-caption\">BRECHA DE G\u00c9NERO EN EL ACCESO, FORMACI\u00d3N DE HERRAMIENTAS DIGITALES Y PROFESIONALES EN TIC\/GENDER GAP IN ACCESS, TRAINING OF DIGITAL TOOLS AND ICT PROFESSIONALS<\/figcaption><\/figure><\/div><div class=\"swiper-slide\" role=\"group\" aria-roledescription=\"slide\" aria-label=\"2 de 5\"><figure class=\"swiper-slide-inner\"><img decoding=\"async\" class=\"swiper-slide-image\" src=\"https:\/\/sermujerytrabajo.es\/wp-content\/uploads\/2024\/03\/algorithm-3859549_1280-768x512.jpg\" alt=\"BRECHA DE G\u00c9NERO Y DISCRIMINACI\u00d3N EN LOS MODELOS DE NEGOCIO DE LA ECONOM\u00cdA DIGITAL\/GENDER GAP AND DISCRIMINATION IN BUSINESS MODELS IN THE DIGITAL ECONOMY\" \/><figcaption class=\"elementor-image-carousel-caption\">BRECHA DE G\u00c9NERO Y DISCRIMINACI\u00d3N EN LOS MODELOS DE NEGOCIO DE LA ECONOM\u00cdA DIGITAL\/GENDER GAP AND DISCRIMINATION IN BUSINESS MODELS IN THE DIGITAL ECONOMY<\/figcaption><\/figure><\/div><div class=\"swiper-slide\" role=\"group\" aria-roledescription=\"slide\" aria-label=\"3 de 5\"><figure class=\"swiper-slide-inner\"><img decoding=\"async\" class=\"swiper-slide-image\" src=\"https:\/\/sermujerytrabajo.es\/wp-content\/uploads\/2024\/03\/iStock-1472258677-768x461.jpg\" alt=\"TRANSFORMACI\u00d3N DIGITAL Y CUIDADOS DE LARGA DURACI\u00d3N\/DIGITAL TRANSFORMATION AND LONG-TERM CARE\" \/><figcaption class=\"elementor-image-carousel-caption\">TRANSFORMACI\u00d3N DIGITAL Y CUIDADOS DE LARGA DURACI\u00d3N\/DIGITAL TRANSFORMATION AND LONG-TERM CARE<\/figcaption><\/figure><\/div><div class=\"swiper-slide\" role=\"group\" aria-roledescription=\"slide\" aria-label=\"4 de 5\"><figure class=\"swiper-slide-inner\"><img decoding=\"async\" class=\"swiper-slide-image\" src=\"https:\/\/sermujerytrabajo.es\/wp-content\/uploads\/2024\/03\/student-849826_1280-768x512.jpg\" alt=\"TELETRABAJO, DESCONEXI\u00d3N DIGITAL Y CONCILIACI\u00d3N DE RESPONSABILIDADES\/TELEWORKING, DIGITAL DISCONNECTION AND RECONCILIATION OF RESPONSIBILITIES\" \/><figcaption class=\"elementor-image-carousel-caption\">TELETRABAJO, DESCONEXI\u00d3N DIGITAL Y CONCILIACI\u00d3N DE RESPONSABILIDADES\/TELEWORKING, DIGITAL DISCONNECTION AND RECONCILIATION OF RESPONSIBILITIES<\/figcaption><\/figure><\/div><div class=\"swiper-slide\" role=\"group\" aria-roledescription=\"slide\" aria-label=\"5 de 5\"><figure class=\"swiper-slide-inner\"><img decoding=\"async\" class=\"swiper-slide-image\" src=\"https:\/\/sermujerytrabajo.es\/wp-content\/uploads\/2024\/03\/thumbnail_image-1-768x424.png\" alt=\"VIOLENCIAS FRENTE A LA MUJER EN EL ENTORNO TECNOL\u00d3GICO\/VIOLENCE AGAINST WOMEN IN THE TECHNOLOGICAL ENVIRONMENT\" \/><figcaption class=\"elementor-image-carousel-caption\">VIOLENCIAS FRENTE A LA MUJER EN EL ENTORNO TECNOL\u00d3GICO\/VIOLENCE AGAINST WOMEN IN THE TECHNOLOGICAL ENVIRONMENT<\/figcaption><\/figure><\/div>\t\t\t<\/div>\n\t\t\t\t\t\t\t\t\t\t\t\t<div class=\"elementor-swiper-button elementor-swiper-button-prev\" role=\"button\" tabindex=\"0\">\n\t\t\t\t\t\t<i aria-hidden=\"true\" class=\"eicon-chevron-left\"><\/i>\t\t\t\t\t<\/div>\n\t\t\t\t\t<div class=\"elementor-swiper-button elementor-swiper-button-next\" role=\"button\" tabindex=\"0\">\n\t\t\t\t\t\t<i aria-hidden=\"true\" class=\"eicon-chevron-right\"><\/i>\t\t\t\t\t<\/div>\n\t\t\t\t\n\t\t\t\t\t\t\t\t\t<div class=\"swiper-pagination\"><\/div>\n\t\t\t\t\t\t\t\t\t<\/div>\n\t\t\t\t<\/div>\n\t\t\t\t<\/div>\n\t\t\t\t<div class=\"elementor-element elementor-element-4249a88 elementor-widget elementor-widget-heading\" data-id=\"4249a88\" data-element_type=\"widget\" data-widget_type=\"heading.default\">\n\t\t\t\t<div class=\"elementor-widget-container\">\n\t\t\t<h2 class=\"elementor-heading-title elementor-size-default\">En nuestra secci\u00f3n de entrevistas: <br>HOMENAJE A LA MUJER EN EL SINDICATO Por M. Luisa Molero<\/h2>\t\t<\/div>\n\t\t\t\t<\/div>\n\t\t\t\t<div class=\"elementor-element elementor-element-5929e2a elementor-widget elementor-widget-text-editor\" data-id=\"5929e2a\" data-element_type=\"widget\" data-widget_type=\"text-editor.default\">\n\t\t\t\t<div class=\"elementor-widget-container\">\n\t\t\t\t\t\t\t<p>Dentro de nuestro espacio de entrevistas, hemos querido dedicar una serie muy especial a homenajear el papel de la mujer en el sindicato. Un recorrido en cinco partes donde abordamos, de forma monogr\u00e1fica, cuestiones clave que reflejan la realidad, los retos y la evoluci\u00f3n del liderazgo femenino en las organizaciones sindicales.<\/p><p>Os invitamos a visualizar las dos primeras partes. Pr\u00f3ximamente publicaremos las tres siguientes:\u00a0<\/p><p>Primera entrega: Parte I Presentaci\u00f3n, Razones del compromiso sindical y dificultades para el liderazgo y Parte\u00a0 II \u00bfCu\u00e1l es la presencia de la mujer en el sindicato? El silencio de la igualdad en las elecciones sindicales.<\/p><p>Segunda entrega: Parte III Negociaci\u00f3n Colectiva: \u00bflas mujeres negocian los convenios? y Parte IV Nueva dimensi\u00f3n de la igualdad: Planes de Igualdad, di\u00e1logo social (V AENC) y contenidos<\/p><p>Tercera entrega: Parte V Violencia sexual en el trabajo y en el sindicato<\/p><p><\/p><h3 class=\"isSelectedEnd\"><\/h3>\t\t\t\t\t\t<\/div>\n\t\t\t\t<\/div>\n\t\t\t\t<div class=\"elementor-element elementor-element-7ce5ef9 elementor-widget elementor-widget-video\" data-id=\"7ce5ef9\" data-element_type=\"widget\" data-settings=\"{&quot;youtube_url&quot;:&quot;https:\\\/\\\/youtu.be\\\/KWG8eHxyU9k&quot;,&quot;video_type&quot;:&quot;youtube&quot;,&quot;controls&quot;:&quot;yes&quot;}\" data-widget_type=\"video.default\">\n\t\t\t\t<div class=\"elementor-widget-container\">\n\t\t\t\t\t<div class=\"elementor-wrapper elementor-open-inline\">\n\t\t\t<div class=\"elementor-video\"><\/div>\t\t<\/div>\n\t\t\t\t<\/div>\n\t\t\t\t<\/div>\n\t\t\t\t<div class=\"elementor-element elementor-element-deb7426 elementor-widget elementor-widget-video\" data-id=\"deb7426\" data-element_type=\"widget\" data-settings=\"{&quot;youtube_url&quot;:&quot;https:\\\/\\\/youtu.be\\\/gHi0TWzV3_0&quot;,&quot;video_type&quot;:&quot;youtube&quot;,&quot;controls&quot;:&quot;yes&quot;}\" data-widget_type=\"video.default\">\n\t\t\t\t<div class=\"elementor-widget-container\">\n\t\t\t\t\t<div class=\"elementor-wrapper elementor-open-inline\">\n\t\t\t<div class=\"elementor-video\"><\/div>\t\t<\/div>\n\t\t\t\t<\/div>\n\t\t\t\t<\/div>\n\t\t\t\t<div class=\"elementor-element elementor-element-2467b67 elementor-widget elementor-widget-heading\" data-id=\"2467b67\" data-element_type=\"widget\" data-widget_type=\"heading.default\">\n\t\t\t\t<div class=\"elementor-widget-container\">\n\t\t\t<h2 class=\"elementor-heading-title elementor-size-default\">Nuestra \u00faltimas publicaciones<\/h2>\t\t<\/div>\n\t\t\t\t<\/div>\n\t\t\t\t<section class=\"elementor-section elementor-inner-section elementor-element elementor-element-b6e8ae7 elementor-section-boxed elementor-section-height-default elementor-section-height-default\" data-id=\"b6e8ae7\" data-element_type=\"section\">\n\t\t\t\t\t\t<div class=\"elementor-container elementor-column-gap-default\">\n\t\t\t\t\t<div class=\"elementor-column elementor-col-50 elementor-inner-column elementor-element elementor-element-3da0fdf\" data-id=\"3da0fdf\" data-element_type=\"column\">\n\t\t\t<div class=\"elementor-widget-wrap elementor-element-populated\">\n\t\t\t\t\t\t<div class=\"elementor-element elementor-element-dbb3d80 elementor-widget elementor-widget-image\" data-id=\"dbb3d80\" data-element_type=\"widget\" data-widget_type=\"image.default\">\n\t\t\t\t<div class=\"elementor-widget-container\">\n\t\t\t\t\t\t\t\t\t\t\t\t\t\t<a href=\"https:\/\/editorial.tirant.com\/es\/libro\/mujer-trabajadora-tejiendo-equidad-en-la-era-tecnologica-maria-luisa-molero-maranon-9791370101985\">\n\t\t\t\t\t\t\t<img decoding=\"async\" src=\"https:\/\/sermujerytrabajo.es\/wp-content\/uploads\/elementor\/thumbs\/mono1-rk9mnqtlx61cfbo8rf8ujwueuymlwcjb3eilah2s1i.jpg\" title=\"mono1\" alt=\"mono1\" loading=\"lazy\" \/>\t\t\t\t\t\t\t\t<\/a>\n\t\t\t\t\t\t\t\t\t\t\t\t\t<\/div>\n\t\t\t\t<\/div>\n\t\t\t\t\t<\/div>\n\t\t<\/div>\n\t\t\t\t<div class=\"elementor-column elementor-col-50 elementor-inner-column elementor-element elementor-element-fc9baa1\" data-id=\"fc9baa1\" data-element_type=\"column\">\n\t\t\t<div class=\"elementor-widget-wrap elementor-element-populated\">\n\t\t\t\t\t\t<div class=\"elementor-element elementor-element-06a7788 elementor-widget elementor-widget-image\" data-id=\"06a7788\" data-element_type=\"widget\" data-widget_type=\"image.default\">\n\t\t\t\t<div class=\"elementor-widget-container\">\n\t\t\t\t\t\t\t\t\t\t\t\t\t\t<a href=\"https:\/\/sermujerytrabajo.es\/wp-content\/uploads\/2025\/01\/2024-06-26-Planes_igualdad.pdf\">\n\t\t\t\t\t\t\t<img decoding=\"async\" src=\"https:\/\/sermujerytrabajo.es\/wp-content\/uploads\/elementor\/thumbs\/Captura-de-pantalla-2026-03-09-193728-rk9mdqtf7mciwo765lmqixovcdx109u41wnmhhwk8m.png\" title=\"Captura de pantalla 2026-03-09 193728\" alt=\"Captura de pantalla 2026-03-09 193728\" loading=\"lazy\" \/>\t\t\t\t\t\t\t\t<\/a>\n\t\t\t\t\t\t\t\t\t\t\t\t\t<\/div>\n\t\t\t\t<\/div>\n\t\t\t\t\t<\/div>\n\t\t<\/div>\n\t\t\t\t\t<\/div>\n\t\t<\/section>\n\t\t\t\t<div class=\"elementor-element elementor-element-fd4673d elementor-align-center elementor-button-danger elementor-widget elementor-widget-button\" data-id=\"fd4673d\" data-element_type=\"widget\" data-widget_type=\"button.default\">\n\t\t\t\t<div class=\"elementor-widget-container\">\n\t\t\t\t\t<div class=\"elementor-button-wrapper\">\n\t\t\t<a class=\"elementor-button elementor-button-link elementor-size-sm\" href=\"https:\/\/sermujerytrabajo.es\/?page_id=5845\">\n\t\t\t\t\t\t<span class=\"elementor-button-content-wrapper\">\n\t\t\t\t\t\t\t\t\t<span class=\"elementor-button-text\">ACCESO A NUESTRAS EDITORIALES\/ACCESS TO OUR PUBLISHERS<\/span>\n\t\t\t\t\t<\/span>\n\t\t\t\t\t<\/a>\n\t\t<\/div>\n\t\t\t\t<\/div>\n\t\t\t\t<\/div>\n\t\t\t\t\t<\/div>\n\t\t<\/div>\n\t\t\t\t\t<\/div>\n\t\t<\/section>\n\t\t\t\t<section class=\"elementor-section elementor-top-section elementor-element elementor-element-62174f8 elementor-section-content-middle elementor-section-boxed elementor-section-height-default elementor-section-height-default\" data-id=\"62174f8\" data-element_type=\"section\" data-settings=\"{&quot;background_background&quot;:&quot;classic&quot;}\">\n\t\t\t\t\t\t\t<div class=\"elementor-background-overlay\"><\/div>\n\t\t\t\t\t\t\t<div class=\"elementor-container elementor-column-gap-default\">\n\t\t\t\t\t<div class=\"elementor-column elementor-col-50 elementor-top-column elementor-element elementor-element-16aea9b\" data-id=\"16aea9b\" data-element_type=\"column\">\n\t\t\t<div class=\"elementor-widget-wrap elementor-element-populated\">\n\t\t\t\t\t\t<div class=\"elementor-element elementor-element-fbd3a91 elementor-widget elementor-widget-heading\" data-id=\"fbd3a91\" data-element_type=\"widget\" data-widget_type=\"heading.default\">\n\t\t\t\t<div class=\"elementor-widget-container\">\n\t\t\t<h4 class=\"elementor-heading-title elementor-size-default\">Mujeres que lideran la digitalizaci\u00f3n<\/h4>\t\t<\/div>\n\t\t\t\t<\/div>\n\t\t\t\t<div class=\"elementor-element elementor-element-c2792af elementor-widget elementor-widget-video\" data-id=\"c2792af\" data-element_type=\"widget\" data-settings=\"{&quot;youtube_url&quot;:&quot;https:\\\/\\\/youtu.be\\\/5jcrFn3LeQI&quot;,&quot;video_type&quot;:&quot;youtube&quot;,&quot;controls&quot;:&quot;yes&quot;}\" data-widget_type=\"video.default\">\n\t\t\t\t<div class=\"elementor-widget-container\">\n\t\t\t\t\t<div class=\"elementor-wrapper elementor-open-inline\">\n\t\t\t<div class=\"elementor-video\"><\/div>\t\t<\/div>\n\t\t\t\t<\/div>\n\t\t\t\t<\/div>\n\t\t\t\t\t<\/div>\n\t\t<\/div>\n\t\t\t\t<div class=\"elementor-column elementor-col-50 elementor-top-column elementor-element elementor-element-f0727ce\" data-id=\"f0727ce\" data-element_type=\"column\">\n\t\t\t<div class=\"elementor-widget-wrap elementor-element-populated\">\n\t\t\t\t\t\t<div class=\"elementor-element elementor-element-363e820 elementor-widget elementor-widget-image\" data-id=\"363e820\" data-element_type=\"widget\" data-widget_type=\"image.default\">\n\t\t\t\t<div class=\"elementor-widget-container\">\n\t\t\t\t\t\t\t\t\t\t\t\t\t<img decoding=\"async\" width=\"300\" height=\"78\" src=\"https:\/\/sermujerytrabajo.es\/wp-content\/uploads\/2025\/01\/ministerio-universidades-300x78.jpg\" class=\"attachment-medium size-medium wp-image-7070\" alt=\"\" srcset=\"https:\/\/sermujerytrabajo.es\/wp-content\/uploads\/2025\/01\/ministerio-universidades-300x78.jpg 300w, https:\/\/sermujerytrabajo.es\/wp-content\/uploads\/2025\/01\/ministerio-universidades.jpg 474w\" sizes=\"(max-width: 300px) 100vw, 300px\" \/>\t\t\t\t\t\t\t\t\t\t\t\t\t<\/div>\n\t\t\t\t<\/div>\n\t\t\t\t<div class=\"elementor-element elementor-element-228856a elementor-button-danger elementor-align-center elementor-widget elementor-widget-button\" data-id=\"228856a\" data-element_type=\"widget\" data-widget_type=\"button.default\">\n\t\t\t\t<div class=\"elementor-widget-container\">\n\t\t\t\t\t<div class=\"elementor-button-wrapper\">\n\t\t\t<a class=\"elementor-button elementor-button-link elementor-size-lg\" href=\"https:\/\/sermujerytrabajo.es\/?page_id=5821\">\n\t\t\t\t\t\t<span class=\"elementor-button-content-wrapper\">\n\t\t\t\t\t\t<span class=\"elementor-button-icon\">\n\t\t\t\t<i aria-hidden=\"true\" class=\"fab fa-contao\"><\/i>\t\t\t<\/span>\n\t\t\t\t\t\t\t\t\t<span class=\"elementor-button-text\">CONTACTA\/CONTACT<\/span>\n\t\t\t\t\t<\/span>\n\t\t\t\t\t<\/a>\n\t\t<\/div>\n\t\t\t\t<\/div>\n\t\t\t\t<\/div>\n\t\t\t\t\t<\/div>\n\t\t<\/div>\n\t\t\t\t\t<\/div>\n\t\t<\/section>\n\t\t\t\t<\/div>\n\t\t","protected":false},"excerpt":{"rendered":"<p>\u00c1reas de Actuaci\u00f3nObjectives BRECHA DE G\u00c9NERO EN EL ACCESO, FORMACI\u00d3N DE HERRAMIENTAS DIGITALES Y PROFESIONALES EN TIC\/GENDER GAP IN ACCESS, TRAINING OF DIGITAL TOOLS AND ICT PROFESSIONALS BRECHA DE G\u00c9NERO Y DISCRIMINACI\u00d3N EN LOS MODELOS DE NEGOCIO DE LA ECONOM\u00cdA DIGITAL\/GENDER GAP AND DISCRIMINATION IN BUSINESS MODELS IN THE DIGITAL [&hellip;]<\/p>\n","protected":false},"author":3,"featured_media":6020,"parent":0,"menu_order":0,"comment_status":"closed","ping_status":"closed","template":"","meta":{"footnotes":""},"class_list":["post-6436","page","type-page","status-publish","has-post-thumbnail","hentry"],"yoast_head":"<!-- This site is optimized with the Yoast SEO plugin v15.2 - https:\/\/yoast.com\/wordpress\/plugins\/seo\/ -->\n<title>INICIO -<\/title>\n<meta name=\"description\" content=\"Proyecto de investigaci\u00f3n I+D \u00abRetos de investigaci\u00f3n\u00bb concedido en el marco del Programa Estatal I+D+i orientada a los Retos de la Sociedad del Ministerio de Ciencia, Innovaci\u00f3n y Universidades (Ref. externa: RTI2018-095398-B-100)\" \/>\n<meta name=\"robots\" content=\"index, follow, max-snippet:-1, max-image-preview:large, max-video-preview:-1\" \/>\n<link rel=\"canonical\" href=\"https:\/\/sermujerytrabajo.es\/\" \/>\n<meta property=\"og:locale\" content=\"es_ES\" \/>\n<meta property=\"og:type\" content=\"article\" \/>\n<meta property=\"og:title\" content=\"INICIO -\" \/>\n<meta property=\"og:description\" content=\"Proyecto de investigaci\u00f3n I+D \u00abRetos de investigaci\u00f3n\u00bb concedido en el marco del Programa Estatal I+D+i orientada a los Retos de la Sociedad del Ministerio de Ciencia, Innovaci\u00f3n y Universidades (Ref. externa: RTI2018-095398-B-100)\" \/>\n<meta property=\"og:url\" content=\"https:\/\/sermujerytrabajo.es\/\" \/>\n<meta property=\"article:modified_time\" content=\"2026-05-07T06:58:52+00:00\" \/>\n<meta property=\"og:image\" content=\"https:\/\/sermujerytrabajo.es\/wp-content\/uploads\/2024\/03\/cropped-cropped-cropped-iStock-1154261491-scaled-e1712078125688.jpg\" \/>\n\t<meta property=\"og:image:width\" content=\"1913\" \/>\n\t<meta property=\"og:image:height\" content=\"1001\" \/>\n<meta name=\"twitter:card\" content=\"summary_large_image\" \/>\n<meta name=\"twitter:label1\" value=\"Escrito por\">\n\t<meta name=\"twitter:data1\" value=\"Maria Bego\u00f1a Garc\u00eda Gil\">\n\t<meta name=\"twitter:label2\" value=\"Tiempo de lectura\">\n\t<meta name=\"twitter:data2\" value=\"1 minuto\">\n<script type=\"application\/ld+json\" class=\"yoast-schema-graph\">{\"@context\":\"https:\/\/schema.org\",\"@graph\":[{\"@type\":\"Organization\",\"@id\":\"https:\/\/sermujerytrabajo.es\/#organization\",\"name\":\"Ser mujer en el mercado de trabajo\",\"url\":\"https:\/\/sermujerytrabajo.es\/\",\"sameAs\":[],\"logo\":{\"@type\":\"ImageObject\",\"@id\":\"https:\/\/sermujerytrabajo.es\/#logo\",\"inLanguage\":\"es\",\"url\":\"https:\/\/sermujerytrabajo.es\/wp-content\/uploads\/2020\/09\/d134bcc4-4ca2-476c-bef9-f663ae8535d2_200x200.png\",\"width\":200,\"height\":200,\"caption\":\"Ser mujer en el mercado de trabajo\"},\"image\":{\"@id\":\"https:\/\/sermujerytrabajo.es\/#logo\"}},{\"@type\":\"WebSite\",\"@id\":\"https:\/\/sermujerytrabajo.es\/#website\",\"url\":\"https:\/\/sermujerytrabajo.es\/\",\"name\":\"\",\"description\":\"\",\"publisher\":{\"@id\":\"https:\/\/sermujerytrabajo.es\/#organization\"},\"potentialAction\":[{\"@type\":\"SearchAction\",\"target\":\"https:\/\/sermujerytrabajo.es\/?s={search_term_string}\",\"query-input\":\"required name=search_term_string\"}],\"inLanguage\":\"es\"},{\"@type\":\"ImageObject\",\"@id\":\"https:\/\/sermujerytrabajo.es\/#primaryimage\",\"inLanguage\":\"es\",\"url\":\"https:\/\/sermujerytrabajo.es\/wp-content\/uploads\/2024\/03\/cropped-cropped-cropped-iStock-1154261491-scaled-e1712078125688.jpg\",\"width\":1913,\"height\":1001},{\"@type\":\"WebPage\",\"@id\":\"https:\/\/sermujerytrabajo.es\/#webpage\",\"url\":\"https:\/\/sermujerytrabajo.es\/\",\"name\":\"INICIO -\",\"isPartOf\":{\"@id\":\"https:\/\/sermujerytrabajo.es\/#website\"},\"primaryImageOfPage\":{\"@id\":\"https:\/\/sermujerytrabajo.es\/#primaryimage\"},\"datePublished\":\"2024-09-06T08:31:28+00:00\",\"dateModified\":\"2026-05-07T06:58:52+00:00\",\"description\":\"Proyecto de investigaci\\u00f3n I+D \\u00abRetos de investigaci\\u00f3n\\u00bb concedido en el marco del Programa Estatal I+D+i orientada a los Retos de la Sociedad del Ministerio de Ciencia, Innovaci\\u00f3n y Universidades (Ref. externa: RTI2018-095398-B-100)\",\"inLanguage\":\"es\",\"potentialAction\":[{\"@type\":\"ReadAction\",\"target\":[\"https:\/\/sermujerytrabajo.es\/\"]}]}]}<\/script>\n<!-- \/ Yoast SEO plugin. -->","jetpack_sharing_enabled":true,"_links":{"self":[{"href":"https:\/\/sermujerytrabajo.es\/index.php?rest_route=\/wp\/v2\/pages\/6436","targetHints":{"allow":["GET"]}}],"collection":[{"href":"https:\/\/sermujerytrabajo.es\/index.php?rest_route=\/wp\/v2\/pages"}],"about":[{"href":"https:\/\/sermujerytrabajo.es\/index.php?rest_route=\/wp\/v2\/types\/page"}],"author":[{"embeddable":true,"href":"https:\/\/sermujerytrabajo.es\/index.php?rest_route=\/wp\/v2\/users\/3"}],"replies":[{"embeddable":true,"href":"https:\/\/sermujerytrabajo.es\/index.php?rest_route=%2Fwp%2Fv2%2Fcomments&post=6436"}],"version-history":[{"count":340,"href":"https:\/\/sermujerytrabajo.es\/index.php?rest_route=\/wp\/v2\/pages\/6436\/revisions"}],"predecessor-version":[{"id":8669,"href":"https:\/\/sermujerytrabajo.es\/index.php?rest_route=\/wp\/v2\/pages\/6436\/revisions\/8669"}],"wp:featuredmedia":[{"embeddable":true,"href":"https:\/\/sermujerytrabajo.es\/index.php?rest_route=\/wp\/v2\/media\/6020"}],"wp:attachment":[{"href":"https:\/\/sermujerytrabajo.es\/index.php?rest_route=%2Fwp%2Fv2%2Fmedia&parent=6436"}],"curies":[{"name":"wp","href":"https:\/\/api.w.org\/{rel}","templated":true}]}}